{"id":3136,"date":"2020-01-13T17:18:45","date_gmt":"2020-01-13T17:18:45","guid":{"rendered":"https:\/\/www.rotarytm.ro\/?page_id=3136"},"modified":"2020-01-17T10:39:01","modified_gmt":"2020-01-17T10:39:01","slug":"aniversare-1999","status":"publish","type":"page","link":"https:\/\/www.rotarytm.ro\/?page_id=3136","title":{"rendered":"Aniversare 1999"},"content":{"rendered":"\t\t<div data-elementor-type=\"wp-page\" data-elementor-id=\"3136\" class=\"elementor elementor-3136\">\n\t\t\t\t\t\t<section class=\"elementor-section elementor-top-section elementor-element elementor-element-eb9b68f elementor-section-boxed elementor-section-height-default elementor-section-height-default\" data-id=\"eb9b68f\" data-element_type=\"section\" data-e-type=\"section\">\n\t\t\t\t\t\t<div class=\"elementor-container elementor-column-gap-default\">\n\t\t\t\t\t<div class=\"elementor-column elementor-col-100 elementor-top-column elementor-element elementor-element-3d9f835\" data-id=\"3d9f835\" data-element_type=\"column\" data-e-type=\"column\">\n\t\t\t<div class=\"elementor-widget-wrap elementor-element-populated\">\n\t\t\t\t\t\t<div class=\"elementor-element elementor-element-cb99d63 elementor-widget elementor-widget-text-editor\" data-id=\"cb99d63\" data-element_type=\"widget\" data-e-type=\"widget\" data-widget_type=\"text-editor.default\">\n\t\t\t\t<div class=\"elementor-widget-container\">\n\t\t\t\t\t\t\t\t\t<p><strong>70 de ani de \u00eenfiin\u021bare \u0219i 5 ani de re\u00eenfiin\u021bare a Clubului Rotary Timi\u0219oara- 15 MAI 1999<\/strong><\/p><p>Invita\u021bi:<\/p><p><em>Dl. J\u00f6rg Tschopp<\/em> &#8211; administrator preziden\u0163ial pentru regiunea special\u0103 de expansiune Rom\u00e2nia &#8211; Republica Moldova<\/p><p><em>Dl. Andrei Doroban\u0163u<\/em> &#8211; pre\u015fedinte Comitet districtual Rom\u00e2nia &#8211; republica moldova \u015fi viitor guvernator 2000 &#8211; 2001 Rom\u00e2nia<\/p><p><em>Dl. Valeriu C\u00e2rpanu<\/em> &#8211; primul pre\u015fedinte Rotary Timi\u015foara dup\u0103 re\u00eenfiin\u0163are (1994 &#8211; 1995)<\/p><p><em>Dl. Nicolae Bibu<\/em> &#8211; pre\u015fedinte Rotary Timi\u015foara 1998 &#8211; 1999<\/p><p><em>Dl. Radu Dimeca<\/em> &#8211; pre\u015fedinte ales Rotary Timi\u015foara 1999 &#8211; 2000<\/p>\t\t\t\t\t\t\t\t<\/div>\n\t\t\t\t<\/div>\n\t\t\t\t\t<\/div>\n\t\t<\/div>\n\t\t\t\t\t<\/div>\n\t\t<\/section>\n\t\t\t\t<\/div>\n\t\t","protected":false},"excerpt":{"rendered":"<p>70 de ani de \u00eenfiin\u021bare \u0219i 5 ani de re\u00eenfiin\u021bare a Clubului Rotary Timi\u0219oara- 15 MAI 1999 Invita\u021bi: Dl. J\u00f6rg Tschopp &#8211; administrator preziden\u0163ial pentru regiunea special\u0103 de expansiune Rom\u00e2nia &#8211; Republica Moldova Dl. Andrei Doroban\u0163u &#8211; pre\u015fedinte Comitet districtual&hellip;<\/p>\n","protected":false},"author":1,"featured_media":0,"parent":1327,"menu_order":0,"comment_status":"closed","ping_status":"closed","template":"","meta":{"footnotes":""},"class_list":["post-3136","page","type-page","status-publish","hentry"],"_links":{"self":[{"href":"https:\/\/www.rotarytm.ro\/index.php?rest_route=\/wp\/v2\/pages\/3136","targetHints":{"allow":["GET"]}}],"collection":[{"href":"https:\/\/www.rotarytm.ro\/index.php?rest_route=\/wp\/v2\/pages"}],"about":[{"href":"https:\/\/www.rotarytm.ro\/index.php?rest_route=\/wp\/v2\/types\/page"}],"author":[{"embeddable":true,"href":"https:\/\/www.rotarytm.ro\/index.php?rest_route=\/wp\/v2\/users\/1"}],"replies":[{"embeddable":true,"href":"https:\/\/www.rotarytm.ro\/index.php?rest_route=%2Fwp%2Fv2%2Fcomments&post=3136"}],"version-history":[{"count":3,"href":"https:\/\/www.rotarytm.ro\/index.php?rest_route=\/wp\/v2\/pages\/3136\/revisions"}],"predecessor-version":[{"id":3187,"href":"https:\/\/www.rotarytm.ro\/index.php?rest_route=\/wp\/v2\/pages\/3136\/revisions\/3187"}],"up":[{"embeddable":true,"href":"https:\/\/www.rotarytm.ro\/index.php?rest_route=\/wp\/v2\/pages\/1327"}],"wp:attachment":[{"href":"https:\/\/www.rotarytm.ro\/index.php?rest_route=%2Fwp%2Fv2%2Fmedia&parent=3136"}],"curies":[{"name":"wp","href":"https:\/\/api.w.org\/{rel}","templated":true}]}}