{"id":3066,"date":"2020-01-13T09:45:07","date_gmt":"2020-01-13T09:45:07","guid":{"rendered":"https:\/\/www.rotarytm.ro\/?page_id=3066"},"modified":"2023-01-21T16:33:39","modified_gmt":"2023-01-21T16:33:39","slug":"elementor-3066","status":"publish","type":"page","link":"https:\/\/www.rotarytm.ro\/","title":{"rendered":"Acas\u0103"},"content":{"rendered":"\t\t<div data-elementor-type=\"wp-page\" data-elementor-id=\"3066\" class=\"elementor elementor-3066\">\n\t\t\t\t\t\t<section class=\"elementor-section elementor-top-section elementor-element elementor-element-0f6b924 elementor-section-boxed elementor-section-height-default elementor-section-height-default\" data-id=\"0f6b924\" data-element_type=\"section\" data-e-type=\"section\">\n\t\t\t\t\t\t<div class=\"elementor-container elementor-column-gap-default\">\n\t\t\t\t\t<div class=\"elementor-column elementor-col-100 elementor-top-column elementor-element elementor-element-ae280fe\" data-id=\"ae280fe\" data-element_type=\"column\" data-e-type=\"column\">\n\t\t\t<div class=\"elementor-widget-wrap elementor-element-populated\">\n\t\t\t\t\t\t<div class=\"elementor-element elementor-element-fd924cc elementor-widget elementor-widget-text-editor\" data-id=\"fd924cc\" data-element_type=\"widget\" data-e-type=\"widget\" data-widget_type=\"text-editor.default\">\n\t\t\t\t<div class=\"elementor-widget-container\">\n\t\t\t\t\t\t\t\t\t<p><div class=\"pt-cv-wrapper\"><div class=\"pt-cv-view pt-cv-grid pt-cv-colsys\" id=\"pt-cv-view-2c120cco1p\"><div data-id=\"pt-cv-page-1\" class=\"pt-cv-page\" data-cvc=\"3\"><div class=\"col-md-4 col-sm-6 col-xs-12 pt-cv-content-item pt-cv-1-col\" ><div class='pt-cv-ifield'><a href=\"https:\/\/www.rotarytm.ro\/?p=4108\" class=\"_self pt-cv-href-thumbnail pt-cv-thumb-default\" target=\"_self\" ><img fetchpriority=\"high\" decoding=\"async\" width=\"486\" height=\"313\" src=\"https:\/\/www.rotarytm.ro\/wp-content\/uploads\/2026\/03\/1_INVITATIE-Balul-Rotary-Club-Timisoara-Gala-de-Primavara-2026-486x313.jpg\" class=\"pt-cv-thumbnail\" alt=\"\" \/><\/a>\n<h4 class=\"pt-cv-title\"><a href=\"https:\/\/www.rotarytm.ro\/?p=4108\" class=\"_self\" target=\"_self\" >Gala de Primavara 2026, Rotary Club Timisoara<\/a><\/h4>\n<div class=\"pt-cv-content\">Descarca Contract de Sponsorizare &#8211; Rotary Club Timisoara, 2025 &#8211; 2026 &#8211; Click Here &#8230;<br \/><div class=\"pt-cv-rmwrap\"><a href=\"https:\/\/www.rotarytm.ro\/?p=4108\" class=\"_self pt-cv-readmore btn btn-success\" target=\"_self\">Cite\u0219te mai mult<\/a><\/div><\/div><\/div><\/div>\n<div class=\"col-md-4 col-sm-6 col-xs-12 pt-cv-content-item pt-cv-1-col\" ><div class='pt-cv-ifield'><a href=\"https:\/\/www.rotarytm.ro\/?p=4015\" class=\"_self pt-cv-href-thumbnail pt-cv-thumb-default\" target=\"_self\" ><img decoding=\"async\" width=\"486\" height=\"313\" src=\"https:\/\/www.rotarytm.ro\/wp-content\/uploads\/2025\/12\/IMG-20251204-WA0051-486x313.jpg\" class=\"pt-cv-thumbnail\" alt=\"\" \/><\/a>\n<h4 class=\"pt-cv-title\"><a href=\"https:\/\/www.rotarytm.ro\/?p=4015\" class=\"_self\" target=\"_self\" >D\u0103ruie\u0219te un z\u00e2mbet 2025<\/a><\/h4>\n<div class=\"pt-cv-content\">Mo\u0219 Nicolae a venit anul acesta cu o zi mai devreme la Timi\u0219oara pentru 31 de copii din proiectul \u201cSchool must go on \/ \u0218coala &#8230;<br \/><div class=\"pt-cv-rmwrap\"><a href=\"https:\/\/www.rotarytm.ro\/?p=4015\" class=\"_self pt-cv-readmore btn btn-success\" target=\"_self\">Cite\u0219te mai mult<\/a><\/div><\/div><\/div><\/div>\n<div class=\"col-md-4 col-sm-6 col-xs-12 pt-cv-content-item pt-cv-1-col\" ><div class='pt-cv-ifield'><a href=\"https:\/\/www.rotarytm.ro\/?p=3986\" class=\"_self pt-cv-href-thumbnail pt-cv-thumb-default\" target=\"_self\" ><img decoding=\"async\" width=\"486\" height=\"313\" src=\"https:\/\/www.rotarytm.ro\/wp-content\/uploads\/2025\/08\/2WANTEDed3-e1754915214661-486x313.jpg\" class=\"pt-cv-thumbnail\" alt=\"\" \/><\/a>\n<h4 class=\"pt-cv-title\"><a href=\"https:\/\/www.rotarytm.ro\/?p=3986\" class=\"_self\" target=\"_self\" >F\u0103r\u0103 Ambrozie  &#8211; Proiect al Comunit\u0103\u021bii<\/a><\/h4>\n<div class=\"pt-cv-content\">https:\/\/sesizari.primariatm.ro\/F\u0103r\u0103 Ambrozie \u2013 Proiect de comunicare \u0219i sensibilizare a cet\u0103\u021benilor la acest pericolExpunerea situa\u021biei :Alergia la ambrozie este o problem\u0103 serioas\u0103 de s\u0103n\u0103tate public\u0103 \u00een &#8230;<br \/><div class=\"pt-cv-rmwrap\"><a href=\"https:\/\/www.rotarytm.ro\/?p=3986\" class=\"_self pt-cv-readmore btn btn-success\" target=\"_self\">Cite\u0219te mai mult<\/a><\/div><\/div><\/div><\/div>\n<div class=\"col-md-4 col-sm-6 col-xs-12 pt-cv-content-item pt-cv-1-col\" ><div class='pt-cv-ifield'><a href=\"https:\/\/www.rotarytm.ro\/?p=3956\" class=\"_self pt-cv-href-thumbnail pt-cv-thumb-default\" target=\"_self\" ><img loading=\"lazy\" decoding=\"async\" width=\"486\" height=\"313\" src=\"https:\/\/www.rotarytm.ro\/wp-content\/uploads\/2025\/02\/WhatsApp-Image-2025-02-26-at-20.06.581-486x313.jpeg\" class=\"pt-cv-thumbnail\" alt=\"\" \/><\/a>\n<h4 class=\"pt-cv-title\"><a href=\"https:\/\/www.rotarytm.ro\/?p=3956\" class=\"_self\" target=\"_self\" >La Multi Ani Rotary International si District 2241!<\/a><\/h4>\n<div class=\"pt-cv-content\">\u00cen week-endul care a trecut am s\u0103rb\u0103torit 120 de ani de Rotary International \u0219i 25 de ani de District 2241, Rom\u00e2nia \u0219i Republica Moldova!\u00a0Cu aceast\u0103 &#8230;<br \/><div class=\"pt-cv-rmwrap\"><a href=\"https:\/\/www.rotarytm.ro\/?p=3956\" class=\"_self pt-cv-readmore btn btn-success\" target=\"_self\">Cite\u0219te mai mult<\/a><\/div><\/div><\/div><\/div>\n<div class=\"col-md-4 col-sm-6 col-xs-12 pt-cv-content-item pt-cv-1-col\" ><div class='pt-cv-ifield'><a href=\"https:\/\/www.rotarytm.ro\/?p=3925\" class=\"_self pt-cv-href-thumbnail pt-cv-thumb-default\" target=\"_self\" ><img loading=\"lazy\" decoding=\"async\" width=\"486\" height=\"313\" src=\"https:\/\/www.rotarytm.ro\/wp-content\/uploads\/2025\/02\/13-486x313.png\" class=\"pt-cv-thumbnail\" alt=\"\" \/><\/a>\n<h4 class=\"pt-cv-title\"><a href=\"https:\/\/www.rotarytm.ro\/?p=3925\" class=\"_self\" target=\"_self\" >Save The Date &#8211; 25 Aprilie 2025<\/a><\/h4>\n<div class=\"pt-cv-content\">Gala Rotary 2025Invitatia in format electronicDoneaza contravaloarea unei participari sau alta suma catre Rotary Club TimisoaraPachete de sponsorizareContract de sponsorizareBrosura de proiecte finantate in cadrul &#8230;<br \/><div class=\"pt-cv-rmwrap\"><a href=\"https:\/\/www.rotarytm.ro\/?p=3925\" class=\"_self pt-cv-readmore btn btn-success\" target=\"_self\">Cite\u0219te mai mult<\/a><\/div><\/div><\/div><\/div>\n<div class=\"col-md-4 col-sm-6 col-xs-12 pt-cv-content-item pt-cv-1-col\" ><div class='pt-cv-ifield'><a href=\"https:\/\/www.rotarytm.ro\/?p=3892\" class=\"_self pt-cv-href-thumbnail pt-cv-thumb-default\" target=\"_self\" ><img loading=\"lazy\" decoding=\"async\" width=\"486\" height=\"313\" src=\"https:\/\/www.rotarytm.ro\/wp-content\/uploads\/2025\/02\/479695632_1073119961521650_2352999279249494033_n-486x313.jpg\" class=\"pt-cv-thumbnail\" alt=\"\" \/><\/a>\n<h4 class=\"pt-cv-title\"><a href=\"https:\/\/www.rotarytm.ro\/?p=3892\" class=\"_self\" target=\"_self\" >Rotary Club Timisoara sustine Special Olimpics Romania<\/a><\/h4>\n<div class=\"pt-cv-content\">Postarea publicat\u0103 de Special Olympics Romania https:\/\/www.facebook.com\/specialolympicsromania\/posts\/pfbid0216ry6vrCg1yb5jnqcPJCk22ViHsm9SpjByjeJgZYGGgdV5pok3qDrUHXq7bpuDBYl &#8230;<br \/><div class=\"pt-cv-rmwrap\"><a href=\"https:\/\/www.rotarytm.ro\/?p=3892\" class=\"_self pt-cv-readmore btn btn-success\" target=\"_self\">Cite\u0219te mai mult<\/a><\/div><\/div><\/div><\/div>\n<div class=\"col-md-4 col-sm-6 col-xs-12 pt-cv-content-item pt-cv-1-col\" ><div class='pt-cv-ifield'><a href=\"https:\/\/www.rotarytm.ro\/?p=3873\" class=\"_self pt-cv-href-thumbnail pt-cv-thumb-default\" target=\"_self\" ><img loading=\"lazy\" decoding=\"async\" width=\"486\" height=\"313\" src=\"https:\/\/www.rotarytm.ro\/wp-content\/uploads\/2025\/02\/478031046_1017300867094592_741733160940430285_n-486x313.jpg\" class=\"pt-cv-thumbnail\" alt=\"\" \/><\/a>\n<h4 class=\"pt-cv-title\"><a href=\"https:\/\/www.rotarytm.ro\/?p=3873\" class=\"_self\" target=\"_self\" >Ora Guvernatorului 11.02.2025<\/a><\/h4>\n<div class=\"pt-cv-content\">\u00a0 \u00a0 Ieri a fost o zi special\u0103 pentru cluburile Rotary din jude\u021bul Timi\u0219. La sala baroca a Muzeului Na\u021bional de Art\u0103 Timi\u0219oara am participat &#8230;<br \/><div class=\"pt-cv-rmwrap\"><a href=\"https:\/\/www.rotarytm.ro\/?p=3873\" class=\"_self pt-cv-readmore btn btn-success\" target=\"_self\">Cite\u0219te mai mult<\/a><\/div><\/div><\/div><\/div>\n<div class=\"col-md-4 col-sm-6 col-xs-12 pt-cv-content-item pt-cv-1-col\" ><div class='pt-cv-ifield'><a href=\"https:\/\/www.rotarytm.ro\/?p=3935\" class=\"_self pt-cv-href-thumbnail pt-cv-thumb-default\" target=\"_self\" ><img loading=\"lazy\" decoding=\"async\" width=\"486\" height=\"313\" src=\"https:\/\/www.rotarytm.ro\/wp-content\/uploads\/2025\/02\/474015456_1000124145478931_6866209926558835366_n-486x313.jpg\" class=\"pt-cv-thumbnail\" alt=\"\" \/><\/a>\n<h4 class=\"pt-cv-title\"><a href=\"https:\/\/www.rotarytm.ro\/?p=3935\" class=\"_self\" target=\"_self\" >Vizit\u0103 urmat\u0103 de semnarea acordului de parteneriat cu Rotary Club Bari<\/a><\/h4>\n<div class=\"pt-cv-content\">\u00cenfr\u0103\u021bire cu Rotary Club Bari\u00a0O zi memorabil\u0103 pentru Rotary Club Timi\u0219oara \u0219i Rotary Club Bari!\u00a0Pe data de 14.01.2025 am avut onoarea s\u0103 oficializ\u0103m leg\u0103tura de &#8230;<br \/><div class=\"pt-cv-rmwrap\"><a href=\"https:\/\/www.rotarytm.ro\/?p=3935\" class=\"_self pt-cv-readmore btn btn-success\" target=\"_self\">Cite\u0219te mai mult<\/a><\/div><\/div><\/div><\/div>\n<div class=\"col-md-4 col-sm-6 col-xs-12 pt-cv-content-item pt-cv-1-col\" ><div class='pt-cv-ifield'><a href=\"https:\/\/www.rotarytm.ro\/?p=3833\" class=\"_self pt-cv-href-thumbnail pt-cv-thumb-default\" target=\"_self\" ><img loading=\"lazy\" decoding=\"async\" width=\"486\" height=\"313\" src=\"https:\/\/www.rotarytm.ro\/wp-content\/uploads\/2024\/02\/IMG_0056-1-486x313.jpg\" class=\"pt-cv-thumbnail\" alt=\"\" \/><\/a>\n<h4 class=\"pt-cv-title\"><a href=\"https:\/\/www.rotarytm.ro\/?p=3833\" class=\"_self\" target=\"_self\" >Continuarea<\/a><\/h4>\n<div class=\"pt-cv-content\">Proiectul \u201dSperan\u021ba tr\u0103ie\u0219te \u00een inimile copiilor\u201d se materializeaz\u0103 \u00cen perioada 20 ianuarie \u2013 23 februarie 2024, prima echip\u0103 de medici timi\u0219oreni va fi primit\u0103 la &#8230;<br \/><div class=\"pt-cv-rmwrap\"><a href=\"https:\/\/www.rotarytm.ro\/?p=3833\" class=\"_self pt-cv-readmore btn btn-success\" target=\"_self\">Cite\u0219te mai mult<\/a><\/div><\/div><\/div><\/div>\n<div class=\"col-md-4 col-sm-6 col-xs-12 pt-cv-content-item pt-cv-1-col\" ><div class='pt-cv-ifield'><a href=\"https:\/\/www.rotarytm.ro\/?p=3816\" class=\"_self pt-cv-href-thumbnail pt-cv-thumb-default\" target=\"_self\" ><img loading=\"lazy\" decoding=\"async\" width=\"486\" height=\"313\" src=\"https:\/\/www.rotarytm.ro\/wp-content\/uploads\/2023\/11\/396975109_714210414070307_5744812790491960797_n-486x313.jpg\" class=\"pt-cv-thumbnail\" alt=\"\" \/><\/a>\n<h4 class=\"pt-cv-title\"><a href=\"https:\/\/www.rotarytm.ro\/?p=3816\" class=\"_self\" target=\"_self\" >Ecouri media<\/a><\/h4>\n<div class=\"pt-cv-content\">Clubul Rotary Timi\u015foara a adunat peste 50.000 de euro, pentru proiectul \u201dSperan\u021ba tr\u0103ie\u0219te \u00een inimile copiilor!\u201d CONTINUARE IN ZIUA DE VEST &#8230;<br \/><div class=\"pt-cv-rmwrap\"><a href=\"https:\/\/www.rotarytm.ro\/?p=3816\" class=\"_self pt-cv-readmore btn btn-success\" target=\"_self\">Cite\u0219te mai mult<\/a><\/div><\/div><\/div><\/div>\n<div class=\"col-md-4 col-sm-6 col-xs-12 pt-cv-content-item pt-cv-1-col\" ><div class='pt-cv-ifield'><a href=\"https:\/\/www.rotarytm.ro\/?p=3780\" class=\"_self pt-cv-href-thumbnail pt-cv-thumb-default\" target=\"_self\" ><img loading=\"lazy\" decoding=\"async\" width=\"486\" height=\"313\" src=\"https:\/\/www.rotarytm.ro\/wp-content\/uploads\/2023\/10\/WhatsApp-Image-2023-10-01-at-10.26.41-486x313.jpeg\" class=\"pt-cv-thumbnail\" alt=\"\" \/><\/a>\n<h4 class=\"pt-cv-title\"><a href=\"https:\/\/www.rotarytm.ro\/?p=3780\" class=\"_self\" target=\"_self\" >Promenada Inimilor 2023<\/a><\/h4>\n<div class=\"pt-cv-content\">Rotary Club Timisoara continu\u0103 \u0219i \u00een 2023, programul \u201ePromenada Inimilor\u201d, prin care dorim sa promovam un stil de viata cat mai sanatos, reamintind tuturor ca &#8230;<br \/><div class=\"pt-cv-rmwrap\"><a href=\"https:\/\/www.rotarytm.ro\/?p=3780\" class=\"_self pt-cv-readmore btn btn-success\" target=\"_self\">Cite\u0219te mai mult<\/a><\/div><\/div><\/div><\/div>\n<div class=\"col-md-4 col-sm-6 col-xs-12 pt-cv-content-item pt-cv-1-col\" ><div class='pt-cv-ifield'><a href=\"https:\/\/www.rotarytm.ro\/?p=3750\" class=\"_self pt-cv-href-thumbnail pt-cv-thumb-default\" target=\"_self\" ><img loading=\"lazy\" decoding=\"async\" width=\"486\" height=\"313\" src=\"https:\/\/www.rotarytm.ro\/wp-content\/uploads\/2023\/09\/slide_1-486x313.jpg\" class=\"pt-cv-thumbnail\" alt=\"\" \/><\/a>\n<h4 class=\"pt-cv-title\"><a href=\"https:\/\/www.rotarytm.ro\/?p=3750\" class=\"_self\" target=\"_self\" >Fii parte a proiectului<\/a><\/h4>\n<div class=\"pt-cv-content\">Anual, i\u0302n Roma\u0302nia se opereaza\u0306 un numa\u0306r de doar 450 de copii cu patologii privind malformat\u0326iile cardiace congenitale, din cei 1000 de copii, care ar &#8230;<br \/><div class=\"pt-cv-rmwrap\"><a href=\"https:\/\/www.rotarytm.ro\/?p=3750\" class=\"_self pt-cv-readmore btn btn-success\" target=\"_self\">Cite\u0219te mai mult<\/a><\/div><\/div><\/div><\/div>\n<div class=\"col-md-4 col-sm-6 col-xs-12 pt-cv-content-item pt-cv-1-col\" ><div class='pt-cv-ifield'><a href=\"https:\/\/www.rotarytm.ro\/?p=3689\" class=\"_self pt-cv-href-thumbnail pt-cv-thumb-default\" target=\"_self\" ><img loading=\"lazy\" decoding=\"async\" width=\"486\" height=\"313\" src=\"https:\/\/www.rotarytm.ro\/wp-content\/uploads\/2023\/04\/FB_site1-486x313.jpg\" class=\"pt-cv-thumbnail\" alt=\"\" \/><\/a>\n<h4 class=\"pt-cv-title\"><a href=\"https:\/\/www.rotarytm.ro\/?p=3689\" class=\"_self\" target=\"_self\" >Speranta traieste in inimile copiilor!<\/a><\/h4>\n<div class=\"pt-cv-content\">https:\/\/vimeo.com\/864589172?share=copy\u00a0Rotary Club Timisoara a demarat proiectul Speranta traieste in inimile copiilorAnual, \u00een Rom\u00e2nia se opereaz\u0103 un num\u0103r de doar 450 de copii cu patologii privind &#8230;<br \/><div class=\"pt-cv-rmwrap\"><a href=\"https:\/\/www.rotarytm.ro\/?p=3689\" class=\"_self pt-cv-readmore btn btn-success\" target=\"_self\">Cite\u0219te mai mult<\/a><\/div><\/div><\/div><\/div>\n<div class=\"col-md-4 col-sm-6 col-xs-12 pt-cv-content-item pt-cv-1-col\" ><div class='pt-cv-ifield'><a href=\"https:\/\/www.rotarytm.ro\/?p=3768\" class=\"_self pt-cv-href-thumbnail pt-cv-thumb-default\" target=\"_self\" ><img loading=\"lazy\" decoding=\"async\" width=\"486\" height=\"313\" src=\"https:\/\/www.rotarytm.ro\/wp-content\/uploads\/2023\/09\/WhatsApp-Image-2023-09-22-at-13.17.53-486x313.jpeg\" class=\"pt-cv-thumbnail\" alt=\"\" \/><\/a>\n<h4 class=\"pt-cv-title\"><a href=\"https:\/\/www.rotarytm.ro\/?p=3768\" class=\"_self\" target=\"_self\" >Campanie donare de sange<\/a><\/h4>\n<div class=\"pt-cv-content\">Campanie donare sange Rotary si Rotaract Timisoara Pe data de 22 septembrie, echipa Rotary impreuna cu echipa Rotaract a mers la Centrul de Transfuzie Sanguna &#8230;<br \/><div class=\"pt-cv-rmwrap\"><a href=\"https:\/\/www.rotarytm.ro\/?p=3768\" class=\"_self pt-cv-readmore btn btn-success\" target=\"_self\">Cite\u0219te mai mult<\/a><\/div><\/div><\/div><\/div>\n<div class=\"col-md-4 col-sm-6 col-xs-12 pt-cv-content-item pt-cv-1-col\" ><div class='pt-cv-ifield'><a href=\"https:\/\/www.rotarytm.ro\/?p=3793\" class=\"_self pt-cv-href-thumbnail pt-cv-thumb-default\" target=\"_self\" ><img loading=\"lazy\" decoding=\"async\" width=\"486\" height=\"313\" src=\"https:\/\/www.rotarytm.ro\/wp-content\/uploads\/2023\/10\/379348820_690093859815296_3006796269193186537_n-486x313.jpg\" class=\"pt-cv-thumbnail\" alt=\"\" \/><\/a>\n<h4 class=\"pt-cv-title\"><a href=\"https:\/\/www.rotarytm.ro\/?p=3793\" class=\"_self\" target=\"_self\" >Cupa Rotary la pescuit<\/a><\/h4>\n<div class=\"pt-cv-content\">Cupa Rotary la Pescuit este evenimentul de toamna al Rotary Club Timisoara, prin care strangem fonduri pentru proiectul &#8220;Performanta in Satul Banatean&#8221;. Prin acest proiect, &#8230;<br \/><div class=\"pt-cv-rmwrap\"><a href=\"https:\/\/www.rotarytm.ro\/?p=3793\" class=\"_self pt-cv-readmore btn btn-success\" target=\"_self\">Cite\u0219te mai mult<\/a><\/div><\/div><\/div><\/div><\/div><\/div><\/div><\/p>\t\t\t\t\t\t\t\t<\/div>\n\t\t\t\t<\/div>\n\t\t\t\t\t<\/div>\n\t\t<\/div>\n\t\t\t\t\t<\/div>\n\t\t<\/section>\n\t\t\t\t<\/div>\n\t\t","protected":false},"excerpt":{"rendered":"","protected":false},"author":1,"featured_media":0,"parent":0,"menu_order":0,"comment_status":"closed","ping_status":"closed","template":"elementor_header_footer","meta":{"footnotes":""},"class_list":["post-3066","page","type-page","status-publish","hentry"],"_links":{"self":[{"href":"https:\/\/www.rotarytm.ro\/index.php?rest_route=\/wp\/v2\/pages\/3066","targetHints":{"allow":["GET"]}}],"collection":[{"href":"https:\/\/www.rotarytm.ro\/index.php?rest_route=\/wp\/v2\/pages"}],"about":[{"href":"https:\/\/www.rotarytm.ro\/index.php?rest_route=\/wp\/v2\/types\/page"}],"author":[{"embeddable":true,"href":"https:\/\/www.rotarytm.ro\/index.php?rest_route=\/wp\/v2\/users\/1"}],"replies":[{"embeddable":true,"href":"https:\/\/www.rotarytm.ro\/index.php?rest_route=%2Fwp%2Fv2%2Fcomments&post=3066"}],"version-history":[{"count":22,"href":"https:\/\/www.rotarytm.ro\/index.php?rest_route=\/wp\/v2\/pages\/3066\/revisions"}],"predecessor-version":[{"id":3424,"href":"https:\/\/www.rotarytm.ro\/index.php?rest_route=\/wp\/v2\/pages\/3066\/revisions\/3424"}],"wp:attachment":[{"href":"https:\/\/www.rotarytm.ro\/index.php?rest_route=%2Fwp%2Fv2%2Fmedia&parent=3066"}],"curies":[{"name":"wp","href":"https:\/\/api.w.org\/{rel}","templated":true}]}}