{"id":2784,"date":"2020-01-08T15:04:40","date_gmt":"2020-01-08T15:04:40","guid":{"rendered":"https:\/\/www.rotarytm.ro\/?page_id=2784"},"modified":"2020-01-17T09:59:48","modified_gmt":"2020-01-17T09:59:48","slug":"edmond-jacky-cathala","status":"publish","type":"page","link":"https:\/\/www.rotarytm.ro\/?page_id=2784","title":{"rendered":"Edmond-Jacky Cathala"},"content":{"rendered":"\t\t<div data-elementor-type=\"wp-page\" data-elementor-id=\"2784\" class=\"elementor elementor-2784\">\n\t\t\t\t\t\t<section class=\"elementor-section elementor-top-section elementor-element elementor-element-420169b elementor-section-boxed elementor-section-height-default elementor-section-height-default\" data-id=\"420169b\" data-element_type=\"section\" data-e-type=\"section\">\n\t\t\t\t\t\t<div class=\"elementor-container elementor-column-gap-default\">\n\t\t\t\t\t<div class=\"elementor-column elementor-col-100 elementor-top-column elementor-element elementor-element-ed9e29f\" data-id=\"ed9e29f\" data-element_type=\"column\" data-e-type=\"column\">\n\t\t\t<div class=\"elementor-widget-wrap elementor-element-populated\">\n\t\t\t\t\t\t<div class=\"elementor-element elementor-element-8e19467 elementor-widget elementor-widget-text-editor\" data-id=\"8e19467\" data-element_type=\"widget\" data-e-type=\"widget\" data-widget_type=\"text-editor.default\">\n\t\t\t\t<div class=\"elementor-widget-container\">\n\t\t\t\t\t\t\t\t\t<p><strong>Stimate pre\u0219edinte,<\/strong><\/p><p><strong>Dragi prietene \u0219i prieteni rotarieni,<\/strong><\/p><p>\u00a0<\/p><p>Ve\u021bi s\u0103rb\u0103tori cea de-a 25-a aniversare a rena\u0219terii clubului, un club foarte drag mie, \u00een pofida distan\u021bei. Din p\u0103cate, \u00eens\u0103, din motive familiale, nu pot, spre marele meu regret, s\u0103 m\u0103 aflu printre voi.<\/p><p>Am descoperit Rom\u00e2nia \u00een decembrie 1990, dup\u0103 Revolu\u021bie. Pre\u0219edinte al Clubului Rotary din Carmaux, am condus cu sprijinul multor parteneri, o misiune umanitar\u0103 important\u0103 la Sugag\u00a0 \u0219i Alba Iulia: 7 vehicule, inclusiv o remorc\u0103 de tractor de 38 t, 33 de persoane, 2 echipe medicale, una care a lucrat la clinica \u0218ugag, alta care a operat la clinica de oftalmologie din Alba Iulia (2 echipamente medicale au fost aduse din Fran\u021ba) &#8230; Aceasta a cerut o preg\u0103tire laborioas\u0103 \u0219i angajamentul tuturor membrilor clubului nostru, un mic club, pentru a dep\u0103\u0219i toate obstacolele ivite. St\u0103 \u00een\u00a0 puterea Rotary de a mobiliza energiile oamenilor \u00een scopul de a stabili, \u00eentr-o atmosfer\u0103 de \u00eentrajutorare \u0219i prietenie, un lan\u021b de ac\u021biuni \u00een beneficiul tinerilor, a celor \u00een nevoie, de a milita pentru pentru pace, de a permite tuturor s\u0103 se realizeze \u00een mod diferit, \u00eenafara viaii profesionale sau a familiei.<\/p><p>Misiunea din decembrie 1990, f\u0103cut\u0103 \u00een condi\u021bii dificile, dar cu momente de neuitat (cf Caietele din Rom\u00e2nia), a marcat \u00eenceputul unei aventuri umane pline de satisfac\u021bii \u0219i utile, o mare \u00eent\u00e2lnire cu \u021bara pe care am \u00eent\u00e2lnit-o \u00een cincizeci de \u0219ederi.<\/p><p><a href=\"https:\/\/www.rotarytm.ro\/wp-content\/uploads\/2020\/01\/jacky_1992.jpg\"><img fetchpriority=\"high\" decoding=\"async\" class=\"size-medium wp-image-2790 alignright\" src=\"https:\/\/www.rotarytm.ro\/wp-content\/uploads\/2020\/01\/jacky_1992-300x292.jpg\" alt=\"\" width=\"300\" height=\"292\" srcset=\"https:\/\/www.rotarytm.ro\/wp-content\/uploads\/2020\/01\/jacky_1992-300x292.jpg 300w, https:\/\/www.rotarytm.ro\/wp-content\/uploads\/2020\/01\/jacky_1992-251x244.jpg 251w, https:\/\/www.rotarytm.ro\/wp-content\/uploads\/2020\/01\/jacky_1992-257x250.jpg 257w, https:\/\/www.rotarytm.ro\/wp-content\/uploads\/2020\/01\/jacky_1992-260x253.jpg 260w, https:\/\/www.rotarytm.ro\/wp-content\/uploads\/2020\/01\/jacky_1992-250x243.jpg 250w, https:\/\/www.rotarytm.ro\/wp-content\/uploads\/2020\/01\/jacky_1992.jpg 335w\" sizes=\"(max-width: 300px) 100vw, 300px\" \/><\/a><\/p><p>Dup\u0103 perioada\u00a0 pre\u0219edin\u021biei mele (1990-1991), am devenit reprezentantul interesului public al Comitetului de Ac\u021biune din D1700, iar \u00een 1992, am devenit delegatul oficial al D1700 pentru afacerile cu Rom\u00e2nia. Guvernatorul Jean-Pierre Cesari (1991-1992) m-a invitat s\u0103 continui ac\u021biunile \u00een Rom\u00e2nia \u0219i s\u0103 ajut Districtul \u00een aceste rela\u021bii. \u00cen timpul primei noastre misiuni, echipele medicale au g\u0103sit multe cazuri cu probleme de vedere, drept consecin\u021be ale avitaminozei. Cu Dr. Michel Tarroux, chirurgul oftalmolog care mi-a succedat la pre\u0219edin\u021bia clubului meu \u0219i cu care am participat la misiunea din 1990, am \u00eenceput o opera\u021biune pe termen lung: formarea \u00een tehnicile moderne de tratare a\u00a0 cataractei. Michel Tarroux a c\u0103l\u0103torit \u00een Rom\u00e2nia \u0219i a ales clinica oftalmologic\u0103 universitar\u0103 din Timi\u0219oara. \u00cen timpul unei a doua misiuni, \u00een februarie 1992, care ne-a condus la Ramnicu-Valcea \u0219i Sugag, materialul medical este depozitat in Timi\u0219oara la clinica condus\u0103 de pof. Chercot\u0103. Se \u00eenfiin\u021beaz\u0103 o platform\u0103 tehnic\u0103 medical\u0103 finan\u021bat\u0103 de D1700, iar Dr. Michel Tarroux deschide ciclul de instruire. Implanturile (1600) sunt furnizate gratuit de c\u0103tre laboratoare. Timp de peste 2 ani , chirurgi francezi, rotarieni sau nonrotarieni, au furnizat, aproape \u00een fiecare lun\u0103, c\u00e2te o s\u0103pt\u0103m\u00e2n\u0103 de formare (Dr. Tarroux, Lalangue, Almendros, Mialhe Fabre Salvaing, Philippot &#8230;); mai mult de 1.500 de opera\u021bii efectuate \u0219i o duzin\u0103 chirurgi instruit\u021bi, dintre care unii au finalizat aceast\u0103 formare prin stagii \u00een Fran\u021ba \u00een Carmaux, Albi, Castres, &#8230; Auch (Dr. Manuela Buzescu, Cassian Babut &#8230;). Valeriu Carpanu, viitorul prim pre\u0219edinte al RC Timi\u0219oara, oftalmolog, a oferit asisten\u021b\u0103 de nepre\u021buit pentru a finaliza acest proiect, \u00een care m-am implicat administrativ; Michel Tarroux \u0219i Jean-Christian Lalangue erau ancorele medicale.<\/p><p><a href=\"https:\/\/www.rotarytm.ro\/wp-content\/uploads\/2020\/01\/jacky_cathala_1992.jpg\"><img decoding=\"async\" class=\"alignleft wp-image-2788 size-medium\" src=\"https:\/\/www.rotarytm.ro\/wp-content\/uploads\/2020\/01\/jacky_cathala_1992-300x202.jpg\" alt=\"jacky_cathala_1992\" width=\"300\" height=\"202\" srcset=\"https:\/\/www.rotarytm.ro\/wp-content\/uploads\/2020\/01\/jacky_cathala_1992-300x202.jpg 300w, https:\/\/www.rotarytm.ro\/wp-content\/uploads\/2020\/01\/jacky_cathala_1992-251x169.jpg 251w, https:\/\/www.rotarytm.ro\/wp-content\/uploads\/2020\/01\/jacky_cathala_1992-372x250.jpg 372w, https:\/\/www.rotarytm.ro\/wp-content\/uploads\/2020\/01\/jacky_cathala_1992-260x175.jpg 260w, https:\/\/www.rotarytm.ro\/wp-content\/uploads\/2020\/01\/jacky_cathala_1992-250x168.jpg 250w, https:\/\/www.rotarytm.ro\/wp-content\/uploads\/2020\/01\/jacky_cathala_1992-400x269.jpg 400w, https:\/\/www.rotarytm.ro\/wp-content\/uploads\/2020\/01\/jacky_cathala_1992.jpg 491w\" sizes=\"(max-width: 300px) 100vw, 300px\" \/><\/a><\/p><p>\u00cen februarie 1992, la o \u00eent\u00e2lnire la Prefectura Timi\u0219oara, m-am \u00eent\u00e2lnit cu Viorel Coifan, sub-prefect la acea dat\u0103. Solicitat de colegi profesori de calculatoare la Liceul Grigore Moisil, mi-a cerut s\u0103 ajut aceast\u0103 institu\u021bie. Astfel s-a legat o rela\u021bie special\u0103 cu aceast\u0103 \u0219coal\u0103, care va avea ca rezultat o plasare a profesorilor de calculatoare \u00een Carmaux, o dona\u021bie important\u0103 de material informatic, \u00eenfr\u0103\u021biri cu licee din Carmaux &#8230;. De-a lungul anilor, ac\u021biunile se \u00eenmul\u021besc: ajutor pentru educa\u021bie, pentru copii abandona\u021bi (orfelinate Resita, Timi\u0219oara, Babeni &#8230;), integrarea persoanelor cu handicap mental (Funda\u021bia Pentru Voi din Timi\u0219oara , Centrul Maldaresti), organizarea de schimburi \u00eentre \u0219coli (Liceul JL Calderon \u0219i Colegiul Avram Iancu, Liceul G. Moisil din Timisoara, Liceul Silvic R\u00e2mnicu Valcea), cursuri profesionale (Fran\u021ba \u0219i Rom\u00e2nia) preg\u0103tire medical\u0103, \u00eent\u00e2lniri academice, inclusiv cele de foarte mare succes din 1993 \u0219i 1994 la Facultatea de Stomatologie din Timi\u0219oara, cu Dr. R\u00e9gis Nuszbaum, rela\u021biile cu CCI Timi\u0219oara, dona\u021bii de echipament medical (Clinica cardiologie Ascar II , Spitalul Babe\u0219) calculatoare pentru \u0219coli, colegii \u0219i licee, prevenirea SIDA, promovarea limbii franceze, \u00een special prin Centrul Cultural Francez din Timi\u0219oara. Toate au fost ini\u021biate \u0219i duse la bun sf\u00e2r\u0219it datorit\u0103 sprijinului femeilor \u0219i b\u0103rba\u021bilor care au fost relee eficace pe teren \u0219i asta m-a \u00eempins s\u0103 lucrez pentru crearea unui club Rotary \u00een Timisoara pentru a extinde acest lan\u021b de solidaritate; primii a fost Valeriu Carpanu, Viorel Coifan, Oltea Copaci, Felicia Schulz, Dan Bedros, Mihail Avram, Robert Nuzsbaum, Gheorghe Bradea, Doina Busuioc, Laila Onu, Marius Popovici, Radu Cristodorescu, Radu Dimeca, Emilian Popovici, Emil Mateescu, Ligia Biris, Dana Vidaicu &#8230; \u0219i mul\u021bi al\u021bii. Dup\u0103 aceea, mul\u021bi devin rotarieni. G\u00e2ndindu-m\u0103 la ei, le-a\u0219 asocia to\u021bi pre\u0219edin\u021bii succesivi \u0219i membrii de care este legat Premiul atribuit mie \u00een 2007 de c\u0103tre pre\u0219edintele Rotary International, f\u0103r\u0103 a uita cluburile franceze Rotary, partenerii externi Rotary, guvernatorii din districtul meu, care mi-au dat \u00eencrederea. Pentru crearea clubului dumneavoastr\u0103, districtul 1700 \u0219i clubul meu au r\u0103spuns favorabil la cererea mea de cartare, care s-a ad\u0103ugat celei a Rotary Club Bucure\u0219ti, prezidat la acea dat\u0103 de Andrei Combiescu.\u00a0<\/p><p><a href=\"https:\/\/www.rotarytm.ro\/wp-content\/uploads\/2020\/01\/1994.jpg\"><img decoding=\"async\" class=\"size-full wp-image-2787 alignright\" src=\"https:\/\/www.rotarytm.ro\/wp-content\/uploads\/2020\/01\/1994.jpg\" alt=\"\" width=\"238\" height=\"168\" \/><\/a><\/p><p>De la 21 mai 1994, c\u00e2nd s-a \u00eenfiin\u021bat, clubul a crescut; are 70 de membri, a creat un club Rotaract \u0219i a creat mai multe cluburi. \u00cen 2010, a sprijinit un WCS semnificativ pentru funda\u021bia Pentru Voi, cu asisten\u021ba \u0219i a RC Carmaux, Caussade-Quercy, Lunel La Grande-Motte \u0219i a districtului1700.<\/p><p>Clubul vostru este aproape de tineri \u0219i este implicat \u00een numeroase ac\u021biuni sau programe. M-a\u021bi onorat, \u0219i am fost foarte impresionat de asta, prin a deveni membru de onoare al clubului\u00a0 \u00een 1999 \u0219i prin atribuirea Diplomei de excelen\u021b\u0103 \u00een districtul dumneavoastr\u0103 2241, \u00een 2009. Clubul vostru este a doua mea familie Rotary.<\/p><p>Stimate pre\u0219edinte, dragi prieteni Rotary, v\u0103 doresc o zi de na\u0219tere mare, un sf\u00e2r\u0219it de an rotarian \u0219i un \u00eenceput de unul nou cu puterea, entuziasmul \u0219i generozitatea care i-au marcat pe to\u021bi\u00a0 ceilal\u021bi 25, pentru a v\u0103 angaja la o ac\u021biune ce respect\u0103 mai mult mediul nconjur\u0103tor, pentru a ac\u021biona \u00eempreun\u0103 \u00eentr-un spirit de serviciu \u0219i pace.<\/p><p><a href=\"https:\/\/www.rotarytm.ro\/wp-content\/uploads\/2020\/01\/jacky_cathala_2017.jpg\"><img loading=\"lazy\" decoding=\"async\" class=\"wp-image-2789 size-medium aligncenter\" src=\"https:\/\/www.rotarytm.ro\/wp-content\/uploads\/2020\/01\/jacky_cathala_2017-300x137.jpg\" alt=\"\" width=\"300\" height=\"137\" srcset=\"https:\/\/www.rotarytm.ro\/wp-content\/uploads\/2020\/01\/jacky_cathala_2017-300x137.jpg 300w, https:\/\/www.rotarytm.ro\/wp-content\/uploads\/2020\/01\/jacky_cathala_2017-251x114.jpg 251w, https:\/\/www.rotarytm.ro\/wp-content\/uploads\/2020\/01\/jacky_cathala_2017-260x118.jpg 260w, https:\/\/www.rotarytm.ro\/wp-content\/uploads\/2020\/01\/jacky_cathala_2017-250x114.jpg 250w, https:\/\/www.rotarytm.ro\/wp-content\/uploads\/2020\/01\/jacky_cathala_2017-400x182.jpg 400w, https:\/\/www.rotarytm.ro\/wp-content\/uploads\/2020\/01\/jacky_cathala_2017.jpg 404w\" sizes=\"(max-width: 300px) 100vw, 300px\" \/><\/a><\/p><p>\u00a0<\/p>\t\t\t\t\t\t\t\t<\/div>\n\t\t\t\t<\/div>\n\t\t\t\t\t<\/div>\n\t\t<\/div>\n\t\t\t\t\t<\/div>\n\t\t<\/section>\n\t\t\t\t<\/div>\n\t\t","protected":false},"excerpt":{"rendered":"<p>Stimate pre\u0219edinte, Dragi prietene \u0219i prieteni rotarieni, Ve\u021bi s\u0103rb\u0103tori cea de-a 25-a aniversare a rena\u0219terii clubului, un club foarte drag mie, \u00een pofida distan\u021bei. Din p\u0103cate, \u00eens\u0103, din motive familiale, nu pot, spre marele meu regret, s\u0103 m\u0103 aflu printre&hellip;<\/p>\n","protected":false},"author":1,"featured_media":0,"parent":2557,"menu_order":0,"comment_status":"closed","ping_status":"closed","template":"","meta":{"footnotes":""},"class_list":["post-2784","page","type-page","status-publish","hentry"],"_links":{"self":[{"href":"https:\/\/www.rotarytm.ro\/index.php?rest_route=\/wp\/v2\/pages\/2784","targetHints":{"allow":["GET"]}}],"collection":[{"href":"https:\/\/www.rotarytm.ro\/index.php?rest_route=\/wp\/v2\/pages"}],"about":[{"href":"https:\/\/www.rotarytm.ro\/index.php?rest_route=\/wp\/v2\/types\/page"}],"author":[{"embeddable":true,"href":"https:\/\/www.rotarytm.ro\/index.php?rest_route=\/wp\/v2\/users\/1"}],"replies":[{"embeddable":true,"href":"https:\/\/www.rotarytm.ro\/index.php?rest_route=%2Fwp%2Fv2%2Fcomments&post=2784"}],"version-history":[{"count":5,"href":"https:\/\/www.rotarytm.ro\/index.php?rest_route=\/wp\/v2\/pages\/2784\/revisions"}],"predecessor-version":[{"id":3147,"href":"https:\/\/www.rotarytm.ro\/index.php?rest_route=\/wp\/v2\/pages\/2784\/revisions\/3147"}],"up":[{"embeddable":true,"href":"https:\/\/www.rotarytm.ro\/index.php?rest_route=\/wp\/v2\/pages\/2557"}],"wp:attachment":[{"href":"https:\/\/www.rotarytm.ro\/index.php?rest_route=%2Fwp%2Fv2%2Fmedia&parent=2784"}],"curies":[{"name":"wp","href":"https:\/\/api.w.org\/{rel}","templated":true}]}}