{"id":2732,"date":"2020-01-07T11:49:00","date_gmt":"2020-01-07T11:49:00","guid":{"rendered":"https:\/\/www.rotarytm.ro\/?page_id=2732"},"modified":"2020-01-08T15:53:47","modified_gmt":"2020-01-08T15:53:47","slug":"fosti-membri","status":"publish","type":"page","link":"https:\/\/www.rotarytm.ro\/?page_id=2732","title":{"rendered":"Fo\u0219ti membri"},"content":{"rendered":"\t\t<div data-elementor-type=\"wp-page\" data-elementor-id=\"2732\" class=\"elementor elementor-2732\">\n\t\t\t\t\t\t<section class=\"elementor-section elementor-top-section elementor-element elementor-element-b68fa66 elementor-section-boxed elementor-section-height-default elementor-section-height-default\" data-id=\"b68fa66\" data-element_type=\"section\" data-e-type=\"section\">\n\t\t\t\t\t\t<div class=\"elementor-container elementor-column-gap-default\">\n\t\t\t\t\t<div class=\"elementor-column elementor-col-100 elementor-top-column elementor-element elementor-element-5de7a45\" data-id=\"5de7a45\" data-element_type=\"column\" data-e-type=\"column\">\n\t\t\t<div class=\"elementor-widget-wrap elementor-element-populated\">\n\t\t\t\t\t\t<div class=\"elementor-element elementor-element-beeaaff elementor-widget elementor-widget-heading\" data-id=\"beeaaff\" data-element_type=\"widget\" data-e-type=\"widget\" data-widget_type=\"heading.default\">\n\t\t\t\t<div class=\"elementor-widget-container\">\n\t\t\t\t\t<h2 class=\"elementor-heading-title elementor-size-default\">Fo\u0219ti Membri Rotary Club Timi\u0219oara 1994 - 2019<\/h2>\t\t\t\t<\/div>\n\t\t\t\t<\/div>\n\t\t\t\t\t<\/div>\n\t\t<\/div>\n\t\t\t\t\t<\/div>\n\t\t<\/section>\n\t\t\t\t<section class=\"elementor-section elementor-top-section elementor-element elementor-element-89ec6f3 elementor-section-boxed elementor-section-height-default elementor-section-height-default\" data-id=\"89ec6f3\" data-element_type=\"section\" data-e-type=\"section\">\n\t\t\t\t\t\t<div class=\"elementor-container elementor-column-gap-default\">\n\t\t\t\t\t<div class=\"elementor-column elementor-col-100 elementor-top-column elementor-element elementor-element-b6460ea\" data-id=\"b6460ea\" data-element_type=\"column\" data-e-type=\"column\">\n\t\t\t<div class=\"elementor-widget-wrap elementor-element-populated\">\n\t\t\t\t\t\t<section class=\"elementor-section elementor-inner-section elementor-element elementor-element-48656f7 elementor-section-boxed elementor-section-height-default elementor-section-height-default\" data-id=\"48656f7\" data-element_type=\"section\" data-e-type=\"section\">\n\t\t\t\t\t\t<div class=\"elementor-container elementor-column-gap-default\">\n\t\t\t\t\t<div class=\"elementor-column elementor-col-50 elementor-inner-column elementor-element elementor-element-a88f6d0\" data-id=\"a88f6d0\" data-element_type=\"column\" data-e-type=\"column\">\n\t\t\t<div class=\"elementor-widget-wrap elementor-element-populated\">\n\t\t\t\t\t\t<div class=\"elementor-element elementor-element-d01a2f4 elementor-widget elementor-widget-text-editor\" data-id=\"d01a2f4\" data-element_type=\"widget\" data-e-type=\"widget\" data-widget_type=\"text-editor.default\">\n\t\t\t\t<div class=\"elementor-widget-container\">\n\t\t\t\t\t\t\t\t\t<p>ADAM Ovidiu Romi<\/p><p>ALAIMO Michele<\/p><p>BAYARD Peter<\/p><p>BICU Valentin<\/p><p>BIRI\u0218 Ioan Dan<\/p><p>BOBOIESCU Dan<\/p><p>BOLD Valeriu<\/p><p>BOTA Valentin<\/p><p>BRADEA Gheorghe<\/p><p>BUFAN Radu<\/p><p>CIOCA Ionel<\/p><p>CNEJEVICI Ioan-Florin<\/p><p>COCIAN Gheorghe<\/p><p>COIFAN Viorel<\/p><p>CRISTODORESCU Radu<\/p><p>DOROIMAN Leontina<\/p><p>DR\u0102GOI Anca<\/p><p>DRAGOMIR Dinu<\/p><p>DR\u0102GULIN Sorin \u015etefan<\/p><p>E\u015eANU Emil<\/p><p>FERNBACH Ioan<\/p><p>G\u00c2DEA Angelu<\/p><p>GOZAN Gheorghe Victor<\/p><p>IACOBESCU Constantin<\/p><div>\u00a0<\/div><div>\u00a0<\/div>\t\t\t\t\t\t\t\t<\/div>\n\t\t\t\t<\/div>\n\t\t\t\t\t<\/div>\n\t\t<\/div>\n\t\t\t\t<div class=\"elementor-column elementor-col-50 elementor-inner-column elementor-element elementor-element-163bd81\" data-id=\"163bd81\" data-element_type=\"column\" data-e-type=\"column\">\n\t\t\t<div class=\"elementor-widget-wrap elementor-element-populated\">\n\t\t\t\t\t\t<div class=\"elementor-element elementor-element-42a900f elementor-widget elementor-widget-text-editor\" data-id=\"42a900f\" data-element_type=\"widget\" data-e-type=\"widget\" data-widget_type=\"text-editor.default\">\n\t\t\t\t<div class=\"elementor-widget-container\">\n\t\t\t\t\t\t\t\t\t<p>LUNGU Georgeta<\/p><p>MARCOVICI \u2013 BIZERA Harry<\/p><p>MATEESCU Emil<\/p><p>MIHALA\u0218 Gheorghe Ioan<\/p><p>MUIA Tiberiu<\/p><p><span style=\"text-decoration: underline;\">NEME\u015e Ion Dan<\/span><\/p><p>NEUMANN Simona<\/p><p>NICOLAUDIUS Marc<\/p><p><span style=\"text-decoration: underline;\">NUSZBAUM Robert<\/span><\/p><p>OKECHUKWU Mandy Ernest<\/p><p>ONOFREI Vasile<\/p><p>ORZA Adrian<\/p><p>OSTAFICIUC Constantin<\/p><p>POPA Constantin Gheorghe<\/p><p>POPA Mariana Smaranda<\/p><p>POPOVICI Marius<\/p><p>ROTARIU Susana<\/p><p><span style=\"text-decoration: underline;\">\u015eANDOR Kornel<\/span><\/p><p>\u015eANDOR Ovidiu<\/p><p><span style=\"text-decoration: underline;\">SINGER Carol<\/span><\/p><p>STANCIU Gheorghe Vladimir<\/p><p><span style=\"text-decoration: underline;\">\u0218TIRBU Sergiu<\/span><\/p><p>STRATMANN Jorg<\/p><p>WISSER Ruediger<\/p><p><span style=\"text-decoration: underline;\">ZIMMERMAN Harald<\/span><\/p>\t\t\t\t\t\t\t\t<\/div>\n\t\t\t\t<\/div>\n\t\t\t\t\t<\/div>\n\t\t<\/div>\n\t\t\t\t\t<\/div>\n\t\t<\/section>\n\t\t\t\t<div class=\"elementor-element elementor-element-ffc2757 elementor-widget elementor-widget-text-editor\" data-id=\"ffc2757\" data-element_type=\"widget\" data-e-type=\"widget\" data-widget_type=\"text-editor.default\">\n\t\t\t\t<div class=\"elementor-widget-container\">\n\t\t\t\t\t\t\t\t\t<p>* Membrii sublinia\u021bi, din p\u0103cate, nu se mai afl\u0103 printre noi<\/p><p>* Aceast\u0103 list\u0103 se dore\u0219te a fi c\u00e2t mai complet\u0103, iar dac\u0103 cineva a fost omis, ne cerem scuze<\/p>\t\t\t\t\t\t\t\t<\/div>\n\t\t\t\t<\/div>\n\t\t\t\t\t<\/div>\n\t\t<\/div>\n\t\t\t\t\t<\/div>\n\t\t<\/section>\n\t\t\t\t<\/div>\n\t\t","protected":false},"excerpt":{"rendered":"<p>Fo\u0219ti Membri Rotary Club Timi\u0219oara 1994 &#8211; 2019 ADAM Ovidiu Romi ALAIMO Michele BAYARD Peter BICU Valentin BIRI\u0218 Ioan Dan BOBOIESCU Dan BOLD Valeriu BOTA Valentin BRADEA Gheorghe BUFAN Radu CIOCA Ionel CNEJEVICI Ioan-Florin COCIAN Gheorghe COIFAN Viorel CRISTODORESCU Radu&hellip;<\/p>\n","protected":false},"author":1,"featured_media":0,"parent":1412,"menu_order":0,"comment_status":"closed","ping_status":"closed","template":"","meta":{"footnotes":""},"class_list":["post-2732","page","type-page","status-publish","hentry"],"_links":{"self":[{"href":"https:\/\/www.rotarytm.ro\/index.php?rest_route=\/wp\/v2\/pages\/2732","targetHints":{"allow":["GET"]}}],"collection":[{"href":"https:\/\/www.rotarytm.ro\/index.php?rest_route=\/wp\/v2\/pages"}],"about":[{"href":"https:\/\/www.rotarytm.ro\/index.php?rest_route=\/wp\/v2\/types\/page"}],"author":[{"embeddable":true,"href":"https:\/\/www.rotarytm.ro\/index.php?rest_route=\/wp\/v2\/users\/1"}],"replies":[{"embeddable":true,"href":"https:\/\/www.rotarytm.ro\/index.php?rest_route=%2Fwp%2Fv2%2Fcomments&post=2732"}],"version-history":[{"count":6,"href":"https:\/\/www.rotarytm.ro\/index.php?rest_route=\/wp\/v2\/pages\/2732\/revisions"}],"predecessor-version":[{"id":2806,"href":"https:\/\/www.rotarytm.ro\/index.php?rest_route=\/wp\/v2\/pages\/2732\/revisions\/2806"}],"up":[{"embeddable":true,"href":"https:\/\/www.rotarytm.ro\/index.php?rest_route=\/wp\/v2\/pages\/1412"}],"wp:attachment":[{"href":"https:\/\/www.rotarytm.ro\/index.php?rest_route=%2Fwp%2Fv2%2Fmedia&parent=2732"}],"curies":[{"name":"wp","href":"https:\/\/api.w.org\/{rel}","templated":true}]}}