{"id":2667,"date":"2020-01-06T13:32:20","date_gmt":"2020-01-06T13:32:20","guid":{"rendered":"https:\/\/www.rotarytm.ro\/?page_id=2667"},"modified":"2023-01-31T11:45:02","modified_gmt":"2023-01-31T11:45:02","slug":"2010-2011","status":"publish","type":"page","link":"https:\/\/www.rotarytm.ro\/?page_id=2667","title":{"rendered":"2010 &#8211; 2011"},"content":{"rendered":"\t\t<div data-elementor-type=\"wp-page\" data-elementor-id=\"2667\" class=\"elementor elementor-2667\">\n\t\t\t\t\t\t<section class=\"elementor-section elementor-top-section elementor-element elementor-element-2c392205 elementor-section-boxed elementor-section-height-default elementor-section-height-default\" data-id=\"2c392205\" data-element_type=\"section\" data-e-type=\"section\">\n\t\t\t\t\t\t<div class=\"elementor-container elementor-column-gap-default\">\n\t\t\t\t\t<div class=\"elementor-column elementor-col-100 elementor-top-column elementor-element elementor-element-6fb29dd3\" data-id=\"6fb29dd3\" data-element_type=\"column\" data-e-type=\"column\">\n\t\t\t<div class=\"elementor-widget-wrap elementor-element-populated\">\n\t\t\t\t\t\t<div class=\"elementor-element elementor-element-bd54a74 elementor-widget elementor-widget-heading\" data-id=\"bd54a74\" data-element_type=\"widget\" data-e-type=\"widget\" data-widget_type=\"heading.default\">\n\t\t\t\t<div class=\"elementor-widget-container\">\n\t\t\t\t\t<h2 class=\"elementor-heading-title elementor-size-default\">Pre\u0219edinte AUNGURENCE Bogdan<\/h2>\t\t\t\t<\/div>\n\t\t\t\t<\/div>\n\t\t\t\t<div class=\"elementor-element elementor-element-233302a0 elementor-widget elementor-widget-text-editor\" data-id=\"233302a0\" data-element_type=\"widget\" data-e-type=\"widget\" data-widget_type=\"text-editor.default\">\n\t\t\t\t<div class=\"elementor-widget-container\">\n\t\t\t\t\t\t\t\t\t\n<p>Pe plan intern, local \u0219i na\u021bional:<\/p>\n<ul>\n<li>Transferul de mandat, ceremonie comun\u0103 cu toate cluburile Rotary din Timi\u0219oara desf\u0103\u0219urat\u0103 \u00een cadru festiv la Filarmonica Banatul, 1 Iulie 2010<\/li>\n<li>Organizare eveniment \u201eCupa Pre\u0219edintelui\u201d \u00eempreun\u0103 cu familiile Participare la proiect TMB \u2013 tab\u0103ra interna\u021bional\u0103 de la Kishomoc<\/li>\n<li>Ac\u021biune de ajutorare a sinistra\u021bilor din zona Armeni\u0219, dup\u0103 inunda\u021bii catastrofice<\/li>\n<li>\u00cent\u00e2lniri ale clubului la invita\u021bia colegilor \u00een diverse loca\u021bii sprijinirea proiectului \u201eSalvati inima unui copil\u201d &#8211; RO-Israel (chirurgie)<\/li>\n<li>Participare al\u0103turi de \u201eLet&#8217;s do it Romania\u201d la cea mai mare ac\u021biune de voluntariat din Romania (200.000 de persoane \u2013 25 Septembrie 2010)<\/li>\n<li>Continuarea proiectului \u201eNu Te Pune cu Timi\u0219orenii\u201d<\/li>\n<li>Lansarea proiectului \u201ePerforman\u021b\u0103 \u00een Satul B\u0103n\u0103\u021bean\u201d &#8211; foundraising: concurs de pescuit<\/li>\n<li>Lansarea proiectului \u201eTimi\u0219oara \u2013 Inima mea\u201d si participarea la \u201eZiua mondiala a inimii\u201d<\/li>\n<li>Lansarea proiectului \u201eDin\u021bi frumo\u0219i, copii s\u0103n\u0103to\u0219i\u201d \u00een Timi\u0219oara<\/li>\n<li>Sprijinirea organiza\u021biei \u201eSalva\u021bi Copiii\u201d<\/li>\n<li>Prezent\u0103ri voca\u021bionale<\/li>\n<li>Participare la turneul de fotbal Rotary, la Buzia\u0219 (foundraising)<\/li>\n<li>Premiere participan\u021bi la concurs interna\u021bional de \u00eenot<\/li>\n<li>Particip\u0103ri la diverse ac\u021biuni rotariene pe plan local \u0219i na\u021bional organizate de celelalte cluburi Rotary din Timi\u0219oara, Buzia\u0219, Jimbolia si D-2241<\/li>\n<li>\u00cent\u00e2lnire comuna RCT &#8211; RC Abrud-C\u00e2mpeni \u201eFloare de Col\u021b\u201d la Arie\u0219eni<\/li>\n<li>Prezentarea proiectului Timi\u0219oara \u2013 Capitala Cultural\u0103 European\u0103 2020<\/li>\n<li>Organizarea balului anual de caritate al RC Timi\u0219oara<\/li>\n<li>Participarea la gala Funda\u021biei \u201ePentru Voi\u201d<\/li>\n<li>Sprijinirea locatarilor c\u0103minului de batr\u00e2ni Micu Klein din Timi\u0219oara \u00een cadrul ac\u021biunii tradi\u021bionale a RCT &#8211; \u201eBunici fara nepo\u021bi\u201d<\/li>\n<li>Organizarea Cinei de Cr\u0103ciun a RCT \u00eempreun\u0103 cu familiile<\/li>\n<li>Sponsorizarea premiilor Olimpiadei Na\u021bionale de Chimie<\/li>\n<li>\u00cent\u00e2lnire comun\u0103 cu Lions (club de servicii) pe tema Timi\u0219oara \u2013 CCE 2020<\/li>\n<li>Participare la chartarea clubului Rotary Timi\u0219oara Opera<\/li>\n<li>Dona\u021bie de aparatur\u0103 medical\u0103 sec\u021biei de Neonatologie din cadrul spitalului Louis \u021aurcanu Timisoara<\/li>\n<li>Participare la conferin\u021ba Rotaract<\/li>\n<li>Participare al chartare Rotaract Club Ripensis<\/li>\n<li>Decernarea burselor Rotary \u0219colarilor premian\u021bi cu posibilit\u0103\u021bi materiale reduse<\/li>\n<li>Organizarea primului bal districtual, eveniment caritabil, la Timi\u0219oara<\/li>\n<\/ul>\n<p>Pe plan extern (interna\u021bional):<\/p>\n<ul>\n<li>Participare New Generation Exchange cu Olanda<\/li>\n<li>Vizit\u0103 RC Wien-Stadtpark<\/li>\n<li>Vizita in Italia, la RC Opitergino Motensse (Treviso \u2013 Vene\u021bia)<\/li>\n<\/ul>\n<p><a href=\"https:\/\/www.rotarytm.ro\/wp-content\/uploads\/2023\/01\/comitet_2010_2011.jpg\">Comitet 2010 &#8211; 2011<\/a><\/p>\n<p><a href=\"https:\/\/www.rotarytm.ro\/wp-content\/uploads\/2023\/01\/revista_2010_2011-1.pdf\">Raport de activitate 2010 &#8211; 2011<\/a><\/p>\n\t\t\t\t\t\t\t\t<\/div>\n\t\t\t\t<\/div>\n\t\t\t\t\t<\/div>\n\t\t<\/div>\n\t\t\t\t\t<\/div>\n\t\t<\/section>\n\t\t\t\t<\/div>\n\t\t","protected":false},"excerpt":{"rendered":"<p>Pre\u0219edinte AUNGURENCE Bogdan Pe plan intern, local \u0219i na\u021bional: Transferul de mandat, ceremonie comun\u0103 cu toate cluburile Rotary din Timi\u0219oara desf\u0103\u0219urat\u0103 \u00een cadru festiv la Filarmonica Banatul, 1 Iulie 2010 Organizare eveniment \u201eCupa Pre\u0219edintelui\u201d \u00eempreun\u0103 cu familiile Participare la proiect&hellip;<\/p>\n","protected":false},"author":1,"featured_media":0,"parent":1327,"menu_order":0,"comment_status":"closed","ping_status":"closed","template":"","meta":{"footnotes":""},"class_list":["post-2667","page","type-page","status-publish","hentry"],"_links":{"self":[{"href":"https:\/\/www.rotarytm.ro\/index.php?rest_route=\/wp\/v2\/pages\/2667","targetHints":{"allow":["GET"]}}],"collection":[{"href":"https:\/\/www.rotarytm.ro\/index.php?rest_route=\/wp\/v2\/pages"}],"about":[{"href":"https:\/\/www.rotarytm.ro\/index.php?rest_route=\/wp\/v2\/types\/page"}],"author":[{"embeddable":true,"href":"https:\/\/www.rotarytm.ro\/index.php?rest_route=\/wp\/v2\/users\/1"}],"replies":[{"embeddable":true,"href":"https:\/\/www.rotarytm.ro\/index.php?rest_route=%2Fwp%2Fv2%2Fcomments&post=2667"}],"version-history":[{"count":8,"href":"https:\/\/www.rotarytm.ro\/index.php?rest_route=\/wp\/v2\/pages\/2667\/revisions"}],"predecessor-version":[{"id":3488,"href":"https:\/\/www.rotarytm.ro\/index.php?rest_route=\/wp\/v2\/pages\/2667\/revisions\/3488"}],"up":[{"embeddable":true,"href":"https:\/\/www.rotarytm.ro\/index.php?rest_route=\/wp\/v2\/pages\/1327"}],"wp:attachment":[{"href":"https:\/\/www.rotarytm.ro\/index.php?rest_route=%2Fwp%2Fv2%2Fmedia&parent=2667"}],"curies":[{"name":"wp","href":"https:\/\/api.w.org\/{rel}","templated":true}]}}