{"id":2557,"date":"2020-01-08T15:41:16","date_gmt":"2020-01-08T15:41:16","guid":{"rendered":"http:\/\/www.rotarytm.ro\/?page_id=2557"},"modified":"2020-01-17T10:42:42","modified_gmt":"2020-01-17T10:42:42","slug":"istoric-1994","status":"publish","type":"page","link":"https:\/\/www.rotarytm.ro\/?page_id=2557","title":{"rendered":"Istoric 1994"},"content":{"rendered":"\t\t<div data-elementor-type=\"wp-page\" data-elementor-id=\"2557\" class=\"elementor elementor-2557\">\n\t\t\t\t\t\t<section class=\"elementor-section elementor-top-section elementor-element elementor-element-2a28a0bb elementor-section-boxed elementor-section-height-default elementor-section-height-default\" data-id=\"2a28a0bb\" data-element_type=\"section\" data-e-type=\"section\">\n\t\t\t\t\t\t<div class=\"elementor-container elementor-column-gap-default\">\n\t\t\t\t\t<div class=\"elementor-column elementor-col-100 elementor-top-column elementor-element elementor-element-6f2d70cf\" data-id=\"6f2d70cf\" data-element_type=\"column\" data-e-type=\"column\">\n\t\t\t<div class=\"elementor-widget-wrap elementor-element-populated\">\n\t\t\t\t\t\t<div class=\"elementor-element elementor-element-5a07e44 elementor-widget elementor-widget-heading\" data-id=\"5a07e44\" data-element_type=\"widget\" data-e-type=\"widget\" data-widget_type=\"heading.default\">\n\t\t\t\t<div class=\"elementor-widget-container\">\n\t\t\t\t\t<h2 class=\"elementor-heading-title elementor-size-default\">Istoric Rotary Club Timi\u0219oara - re\u00eenfiin\u021bat \u00een 1994<\/h2>\t\t\t\t<\/div>\n\t\t\t\t<\/div>\n\t\t\t\t<div class=\"elementor-element elementor-element-77d1315c elementor-widget elementor-widget-text-editor\" data-id=\"77d1315c\" data-element_type=\"widget\" data-e-type=\"widget\" data-widget_type=\"text-editor.default\">\n\t\t\t\t<div class=\"elementor-widget-container\">\n\t\t\t\t\t\t\t\t\t<p><\/p>\n<p><strong>Al doilea \u00eenceput Rotary Timi\u0219oara<\/strong><\/p>\n<p>Rotary Club Timi\u0219oara s-a re\u00eenfiin\u021bat in 1994 \u00een urma unor ac\u021biuni \u0219i vizite ale unor timi\u0219oreni \u00een Fran\u021ba \u0219i a contactului cu cluburi franceze. \u00cen anii 1990, \u00een Rom\u00e2nia mai multe grupuri de rotarieni soseau cu ajutoare, impresiona\u021bi de situa\u021bia din diverse institu\u021bii prin imaginile prezentate de televiziunile din lume. Datorit\u0103 conota\u021biei numelui Timi\u0219oarei \u0219i a simbolului pe care aceasta \u00eel reprezenta \u00een urma Revolu\u021biei din 1989, multe grupuri din Fran\u021ba, Germania, Austria, Marea Britanie veneau aici.<\/p>\n<p>Premerg\u0103tor re\u00eenfiin\u0163\u0103rii clubului Rotary s-au desf\u0103\u015furat o serie de activit\u0103\u0163i \u00een parteneriat cu alte cluburi Rotary \u00een special din Fran\u021ba:<\/p>\n<ul>\n<li>Zilele Franco-Rom\u00e2ne \u00een stomatologie desf\u0103\u015furate la Timi\u015foara \u00een mai 1993 \u015fi 20 -23 mai 1994<\/li>\n<li>Vizite ale speciali\u015ftilor stomatologi rom\u00e2ni la Cordes-sur-Ciel, Fran\u0163a<\/li>\n<li>Ac\u0163iuni umanitare comune<\/li>\n<\/ul>\n<p>Toate aceste ac\u021biuni comune au determinat 25 de timi\u0219oreni s\u0103 se implice activ \u00een crearea clubului ca \u0219i asocia\u021bie legal constituit\u0103 \u00een Rom\u00e2nia \u0219i cartarea lui de c\u0103tre Rotary Interna\u021bional ca partea Districtului D1700 Fran\u021ba. \u00cen 1994 principiile rotariene au fost reluate cu entuziasm \u0219i puse \u00een practic\u0103 \u00een mod constant \u00een diverse proiecte caritabile.<\/p>\n<p>Re\u00eenfiin\u021barea clubului din Timi\u0219oara s-a datorat implic\u0103rii deosebite a lui <strong>Jacky Cathala de la Rotary Club Carmaux din Fran\u021ba<\/strong>, District D1700 \u0219i a lui <strong>Valeriu C\u00eerpanu<\/strong>, primul pre\u0219edinte al Rotary Club Timi\u0219oara.<br \/>Prima mare ac\u021biune desf\u0103\u0219urat\u0103 \u00een Timi\u0219oara, \u00eenainte de \u00eenfiin\u021barea clubului, a fost aducerea unor medici francezi care au operat pe gratis pacien\u021bi romani.<\/p>\n<p>La ac\u0163iunea de cartare din <strong>21 mai 1994<\/strong> au participat:<\/p>\n<ul>\n<li>Robert Barth, pre\u015fedinte International<\/li>\n<li>Denis Trottmann, guvernatorul Districtului 1660<\/li>\n<li>Robert Collot, ini\u0163iatorul proiectului, fost guvernator<\/li>\n<li>Jacques Collette, delegat oficial 1993-1994 District 1660<\/li>\n<li>Andrei Combiecsu, reprezentant special al guvernatorului, District 1660<\/li>\n<li>Albert Auriach, fost Director de R.I.<\/li>\n<li>Guz Bollard, guvernator District 1700<\/li>\n<li>Pierre Metivet, pre\u015fedinte Comitet Inter\u0163\u0103ri Fran\u0163a-Rom\u00e2nia<\/li>\n<li>Edmond-Jacky Cathala, delegat oficial 1993-1994 District 1700, vice-pre\u015fedinte al Comitetului Inter\u0163\u0103ri Fran\u0163a-Rom\u00e2nia<\/li>\n<li>Philippe Reddet, pre\u015fedinte Club Carmaux, District 1700<\/li>\n<li>Andrei Combiescu, Pre\u015fedinte Club Bucure\u015fti, District 1600<\/li>\n<\/ul>\n<p><strong>Membri fondatori \u00een 1994 ai Rotary Club Timi\u0219oara, District 1700 Fran\u021ba<\/strong><\/p>\n<ol>\n<li><strong>Dan BEDROS &#8211; <\/strong>Services t\u00e9l\u00e9communications<\/li>\n<li><strong>Nicolae Aurelian BIBU &#8211; <\/strong>Enseignement sup\u00e9rieur \u2013 Sciences Economiques<\/li>\n<li><strong>Ioan Dan BIRI\u015e &#8211; <\/strong>Photographie<\/li>\n<li><strong>Dan BOBOIESCU &#8211; <\/strong>Machines \u2013 outils<\/li>\n<li><strong>Gheorghe BRADEA &#8211; <\/strong>Distribution en gros \u00e9quipements \u00e9lectriques<\/li>\n<li><strong>Radu BUFAN &#8211; <\/strong>Expertises \u00e9conomiques<\/li>\n<li><strong>Valeriu Dimitrie C\u00c2RPANU &#8211; <\/strong>Equipements d\u2019optique<\/li>\n<li><strong>Ioan Florin CNEJEVICI &#8211; <\/strong>Distribution g\u00e9n\u00e9ral<\/li>\n<li><strong>Gheorghe COCIAN &#8211; <\/strong>Distribution batteries et sources \u00e9lectriques<\/li>\n<li><strong>Viorel COIFAN &#8211; <\/strong>Autorit\u00e9s locales du gouvernement<\/li>\n<li><strong>Radu CRISTODORESCU &#8211; <\/strong>M\u00e9dicine cardiologie<\/li>\n<li><strong>Radu DIMECA &#8211; <\/strong>Imprimerie<\/li>\n<li><strong>Anca DR\u0102GOI &#8211; <\/strong>Chambre de Commerce \u2013 Membre<\/li>\n<li><strong>Angelu G\u00c2DEA &#8211; <\/strong>G\u00e9nie civil<\/li>\n<li><strong>Harry MARCOVICI \u2013 BIZERA &#8211; <\/strong>Enseignement sup\u00e9rieur \u2013 Neurologie<\/li>\n<li><strong>Emil MATEESCU &#8211; <\/strong>Chambre de Commerce \u2013 Pr\u00e9sident<\/li>\n<li><strong>Tiberiu MUIA &#8211; <\/strong>Droit commercial<\/li>\n<li><strong>Robert NUSZBAUM &#8211; <\/strong>Dentiste<\/li>\n<li><strong>Felician OAN\u0102 &#8211; <\/strong>Banques<\/li>\n<li><strong>Mariana Smaranda POPA &#8211; <\/strong>Enseignement sup\u00e9rieur \u2013 management<\/li>\n<li><strong>Constantin Gheorghe POPA &#8211; <\/strong>Droit p\u00e9nal<\/li>\n<li><strong>Carol SINGER &#8211; <\/strong>Enseignement sup\u00e9rieur \u2013Math\u00e9matiques<\/li>\n<li><strong>Dumitru Igor \u015eTIRBU &#8211; <\/strong>Galeries arts<\/li>\n<li><strong>Gheorghe Vladimir STANCIU &#8211; <\/strong>Arhitecture<\/li>\n<li><strong>Kornel \u015eANDOR &#8211; <\/strong>Manufactures textiles<strong>.<\/strong><\/li>\n<\/ol>\n<h3 style=\"text-align: center;\"><b>1994 \u2013 2004 &#8211; 2019<\/b><\/h3>\n<p>\u00a0<\/p>\n<p>Dac\u0103 la re\u00eenfiin\u021bare, clubul era format din 25 de membri, \u00een 2004 clubul nostru num\u0103ra 57\u00a0 de membri iar \u00een 2019 75 de rotarieni, fiind unul dintre cele mai mari cluburi din Districtul D2241 Rom\u00e2nia \u0219i Republica Moldova, to\u021bi profund implica\u021bi \u00een misiunea nobil\u0103 de voluntariat \u0219i serviciu \u00een slujba comunit\u0103\u021bii.\u00a0<\/p>\n<p>Se poate spune c\u0103 structura organizatoric\u0103 \u015fi modul de lucru s-au perfec\u0163ionat continuu, fiecare pre\u015fedinte, \u00eempreun\u0103 cu comitetul s\u0103u de conducere, aduc\u00e2nd idei noi, derul\u00e2nd proiecte noi. \u00centre 1994 \u2013 2004 \u2013 2019 de activitate nou\u0103 Clubul Rotary Timi\u015foara a investit \u00een Rom\u00e2nia peste 3 milioane de Euro, peste 1.8 milioane fiind sume atrase din exterior prin proiecte sociale. S-au dezvoltat rela\u0163ii de colaborare \u015fi implicit proiecte comune cu cluburi din Fran\u0163a, Italia, Germania, Olanda, SUA, Anglia, Ungaria, Serbia, Belgia, Austria fiind primul club din Rom\u00e2nia care a promovat un proiect de sprijin a unei comunit\u0103\u0163i din exteriorul \u0163\u0103rii \u2013 ajutor pentru copii din Serbia. \u00cen 2004 clubul a ajuns la 57 membri\u00a0 media de v\u00e2rst\u0103 a acestora fiind de 45 ani. \u00cen 2019 suntem la 75 cu media de v\u00e2rst\u0103 de 43 de ani.<\/p>\n<p>Printre proiectele\u00a0 reprezentative derulate de\u00a0 Clubul Rotary Timi\u015foara \u00eentre 1994 \u2013 2004, multe dintre ele active \u0219i \u00een 2019 , dup\u0103 20 de ani de implementare, se pot aminti:\u00a0<\/p>\n<p>\u00a0<\/p>\n<ul>\n<li><b>Sprijinirea \u00eenfiin\u0163\u0103rii a 15 noi cluburi Rotary <\/b><\/li>\n<li><b>Crearea Atelierului de protezare (adaptare) \u015fi \u00eentre\u0163inere a autovehiculelor pentru uzul persoanelor cu handicap locomotor <\/b>\u2013 \u00cen colaborare cu Funda\u0163ia Timi\u015foara\u201989.<\/li>\n<li><b>Dotarea cu 8 ambulan\u0163e a Spitalul din Turnu Severin<\/b> \u2013 \u00een colaborare cu cluburile din Bremervorde, Skipton \u015fi Droten<\/li>\n<li><b>Extinderea \u015fi modernizarea cabinetului de kinetoterapie<\/b> al bazei de tratament din S\u00e2nnicolau\u00a0 Mare pentru tratarea \u015fi recuperarea copiilor bolnavi.<\/li>\n<li><b>Infiin\u0163area Centrul de tehnologia informa\u0163iei pentru tineret<\/b> la sediul Funda\u0163iei Timi\u015foara\u201989 \u00een septembrie 1998.<\/li>\n<li><b>Sprijinirea Clinicii de Oftalmologie din Timi\u015foara <\/b>\u00eempreun\u0103 cu Clubul Rotary din Carmaux, Fran\u0163a, sub \u00eendrumarea domnului Edmond \u2013 Jacky Cathala, const\u00e2nd din dotarea spitalului cu un bloc operator, precum \u015fi prin perfec\u0163ionarea speciali\u015ftilor rom\u00e2ni prin efectuarea\u00a0 de interven\u0163ii chirurgicale, at\u00e2t \u00een cadrul clinicii timi\u015forene de c\u0103tre medicii francezi \u00een colaborare cu cei rom\u00e2ni, c\u00e2t \u015fi prin stagii de perfec\u0163ionare \u00een Fran\u0163a.<\/li>\n<li><b>Dotarea cu calculatoare PC \u015fi imprimante \u00eempreun\u0103 <\/b>cu Clubul Rotary din Carmaux, Fran\u0163a\n<ul>\n<li>un laborator de informatic\u0103 pentru \u015ecoala General\u0103 nr. 7 din Timi\u015foara<\/li>\n<li>25 de calculatoare PC pentru Liceul de Informatic\u0103 \u201eGrigore Moisil\u201d, Timi\u015foara \u00eentre anii 1993 \u015fi 1994<\/li>\n<li>10 calculatoare \u015fi imprimante pentru Liceul Teoretic \u201eJean Lois Calderon\u201d, Timi\u015foara<\/li>\n<li>10 calculatoare PC pentru \u015ecoala general\u0103 din \u015eugag.<\/li>\n<\/ul>\n<\/li>\n<\/ul>\n<ul>\n<li>Editarea revistei <b>\u201eSTOP SIDA!\u201d<\/b>, material de educa\u0163ie sanitar\u0103 privind maladia SIDA, adresat\u0103 elevilor \u00eentre 9 \u015fi 14 ani, distribuit gratuit \u00een \u015fcolile din jude\u0163ul Timi\u015f \u00een anul \u015fcolar 1997 \u2013 1998.<\/li>\n<li><b>Donarea unui microbuz \u015fi medicamente <\/b>pentru c\u0103minul de copii pre\u015fcolari din Re\u015fi\u0163a, care \u00eengrije\u015fte copii infecta\u0163i cu HIV de c\u0103tre Clubul Rotary din Belley, Marea Britanie \u015fi Clubul\u00a0 Rotary din Carmaux, Fran\u0163a.<\/li>\n<li><b>Donarea unui microbuz de 8 persoane<\/b> pentru transportul b\u0103tr\u00e2nilor\u00a0 la Funda\u0163ia \u201eGrij\u0103 pentru bunici\u201d din Oradea \u00eempreun\u0103 cu Clubul Maarssen Breukelen din Olanda.<\/li>\n<li><b>\u00cenfiin\u0163area \u015fi dotarea complet\u0103 a Centrului pentru copii cu disabilit\u0103\u0163i mintale <\/b>din Mold\u0103re\u015fti, R\u00e2mnicu V\u00e2lcea \u00eempreun\u0103 cu Clubul Rotary din Carmaux, Fran\u0163a.<\/li>\n<li><b>\u201eBunicii f\u0103r\u0103 nepo\u0163i\u201d \u2013 organizarea unei seri de muzic\u0103, dans \u015fi cadouri pentru persoanele v\u00e2rstnice<\/b> de la c\u0103minul de b\u0103tr\u00e2ni \u201eSf\u00e2ntul Nicolae\u201d din Timi\u015foara ac\u0163iune anual\u0103.<\/li>\n<li><b>Organizarea \u015fi dotarea unui cabinet stomatologic<\/b> la \u015ecoala special\u0103 din Reca\u015f. <b><\/b><\/li>\n<li><b>Expozi\u0163ie de art\u0103 cu licita\u0163ie <\/b>organizat\u0103 \u00een comun de cluburile Rotary din Elst Over Betuwe, Olanda \u015fi Timi\u015foara, \u00een perioada decembrie 1997 \u2013 martie 1998. Beneficiar : Centrul \u201ePentru Voi\u201d pentru copii cu disabilit\u0103\u0163i mintale.<\/li>\n<li><b>Sprijinirea cu cadouri de Cr\u0103ciun <\/b>a copiilor ai c\u0103ror p\u0103rin\u0163i au fost r\u0103ni\u0163i sau au decedat \u00een revolu\u0163ia din decembrie 1989, ac\u0163iune desf\u0103\u015furat\u0103 \u00eempreun\u0103 cu membrii Asocia\u0163iei \u201e17 Decembrie\u201d din Timi\u015foara.<\/li>\n<li><b>Organizarea unei licita\u0163ii, a unui concert \u015fi a unui spectacol de c\u00e2ntece \u015fi dansuri <\/b>\u00a0la\u00a0 Funda\u0163ia \u201eRudolf Walter\u201d \u2013 Timi\u015foara \u015fi dona\u0163ii pentru aceast\u0103 funda\u0163ie.<\/li>\n<li><b>Donarea de pachete cu dulciuri<\/b> pentru locatarii c\u0103minului \u2013 spital pentru adul\u0163ii cu handicap mintal de la G\u0103vojdia.<\/li>\n<li><b>Dotarea clinicii ASCAR cu un ecograf performant<\/b>, cu materiale sanitare, medicamente \u015fi mobilier de spital, \u00een colaborare cu Clubul Rotary din Carmaux, Fran\u0163a.<\/li>\n<li><b>Mobilare \u015fi echiparea casei pentru orfani \u015fi b\u0103tr\u00e2ni<\/b> din Timi\u015foara \u00eempreun\u0103 cu cluburile Pays de Bitche \u015fi Saarlouis Untere Saar<\/li>\n<li><b>Participarea la colaborarea regional\u0103 transfrontalier\u0103<\/b> \u015fi la derularea proiectelor comune a cluburilor Rotary din zona Mures, Tisa, Bega format\u0103 din:\n<ul>\n<li>Cluburile Rotary din Arad, Timi\u015foara \u015fi Lugoj din cadrul Districtului 2241<\/li>\n<li>Cluburile Rotary din Subotica, Kikinda \u015fi Zrenjanin din cadrul Districtului 1910<\/li>\n<li>Cluburile Rotary din Szeged, Gyula \u015fi Hodmedzovasarhely din cadrul Districtului 2480<\/li>\n<\/ul>\n<\/li>\n<\/ul>\n<p style=\"padding-left: 40px;\">Dintre proiectele comune putem amini:\u00a0 Tab\u0103r\u0103 de var\u0103 \u00een Kiszomog &#8211; Ungaria pentru 30 copii (10 din Rom\u00e2nia, 10 din Ungaria \u015fi 10 din Serbia \u015fi Bosnia Her\u0163egovina), amenajarea unui teren de joac\u0103 pentru copii la Kikinda, o mas\u0103 cald\u0103 pe zi pentru copii s\u0103raci din Subotica, amenajarea unei case de copii din Lugoj, etc.\u00a0<\/p>\n<ul>\n<li><b>\u201cAjutor pentru copiii din Yugoslavia\u201d<\/b> \u2013 furnizarea de medicamente \u015fi materiale sanitare consumabile pentru sec\u0163ia de pediatrie a Spitalului din Pristina \u015fi pentru Institutul pentru ajutorarea copiilor din Belgrad.<\/li>\n<li><b>Proiectul \u201cCasa cu ferestre deschise\u201d<\/b> achizi\u0163ionarea de\u00a0 vitamine, amenajare tab\u0103r\u0103 de var\u0103 pentru organiza\u0163ia \u201cSalva\u0163i copii\u201d \u00een colaborare cu Rotary Club Nieuwkoop \u2013 Olanda<\/li>\n<li><b>Organizarea unui transport de carte pentru \u015fcoli din Republica Moldova<\/b><\/li>\n<li><b>Organizarea \u015fi sponsorizarea concursului na\u0163ional de creativitate software \u201cNoi Info\u201d<\/b><\/li>\n<li><b>Ajutorarea elevilor cu posibilit\u0103\u0163i materiale reduse de la \u015fcoala din Dognecea<\/b> \u2013 200 pachete<\/li>\n<li><b>Dotarea forma\u0163iei de pompieri Buzia\u0219 cu o ma\u015fin\u0103 de pompieri donat\u0103 de un club din Anglia<\/b><\/li>\n<li><b>Oferirea de burse pentru liceeni<\/b> pe baza fondurilor str\u00e2nse la Concursul de tenis \u201cCupa Rotary\u201d.<\/li>\n<li><b>Dotarea cu un microbuz a Funda\u0163iei Pentru Voi<\/b> \u2013 Ac\u0163iune desf\u0103\u015furat\u0103 \u00een colaborare cu Rotary Club Elst Over Betuwe \u2013 Olanda<\/li>\n<li><b>Dotarea cu echipament pentru spitalul de copii Luis \u0162urcanu<\/b> \u2013 ac\u0163iune desf\u0103\u015furat\u0103 \u00een colaborare cu Rotary Club Castiglione delle Stiviere e Alto Mantovano &#8211; Italia \u015fi Rotary Club Erding \u2013 Germania<\/li>\n<li><b>Cump\u0103rarea unor lap-top-uri \u015fi videoproiectoare<\/b> pentru Centrul Na\u0163ional de Studii pentru Medicina\u00a0 Familiei din Rom\u00e2nia \u2013 \u00eempreun\u0103 cu Clubul Rotary Heerlen din Olanda \u015fi cu \u201cFunda\u0163ia Olandez\u0103 pentru \u00eembunat\u0103\u0163irea asisten\u0163ei Medicale din Romania\u201d.<\/li>\n<li><b>Formare profesional\u0103<\/b> a unor tineri rom\u00e2ni \u00een Olanda \u2013 \u00een curs de desf\u0103\u015furare \u00een colaborare cu Rotary Club Elst Over Betuwe \u2013 Olanda.<\/li>\n<\/ul>\n<p>Clubul Rotary Timisoara \u00ee\u0219i propune s\u0103 r\u0103m\u00e2n\u0103 o prezen\u021b\u0103 activ\u0103 \u00een comunitatea timi\u0219orean\u0103 \u0219i s\u0103 intensifice implicarea sa \u00een toate problemele acesteia, ac\u021bion\u00e2nd pentru rezolvarea acestora \u0219i servind comunitatea.<\/p>\n<p><\/p>\n<p><\/p>\n<p><\/p>\t\t\t\t\t\t\t\t<\/div>\n\t\t\t\t<\/div>\n\t\t\t\t<div class=\"elementor-element elementor-element-6e3e06f elementor-widget-divider--view-line elementor-widget elementor-widget-divider\" data-id=\"6e3e06f\" data-element_type=\"widget\" data-e-type=\"widget\" data-widget_type=\"divider.default\">\n\t\t\t\t<div class=\"elementor-widget-container\">\n\t\t\t\t\t\t\t<div class=\"elementor-divider\">\n\t\t\t<span class=\"elementor-divider-separator\">\n\t\t\t\t\t\t<\/span>\n\t\t<\/div>\n\t\t\t\t\t\t<\/div>\n\t\t\t\t<\/div>\n\t\t\t\t<div class=\"elementor-element elementor-element-fa7a5eb elementor-widget elementor-widget-text-editor\" data-id=\"fa7a5eb\" data-element_type=\"widget\" data-e-type=\"widget\" data-widget_type=\"text-editor.default\">\n\t\t\t\t<div class=\"elementor-widget-container\">\n\t\t\t\t\t\t\t\t\t<p><a href=\"https:\/\/www.rotarytm.ro\/?page_id=2778\">Mesajul lui Dan Bedros<\/a><\/p>\n<p><a href=\"https:\/\/www.rotarytm.ro\/?page_id=2784\">Mesajul lui Jacky Cathala<\/a><\/p>\n<p>\u00a0<\/p>\t\t\t\t\t\t\t\t<\/div>\n\t\t\t\t<\/div>\n\t\t\t\t\t<\/div>\n\t\t<\/div>\n\t\t\t\t\t<\/div>\n\t\t<\/section>\n\t\t\t\t<\/div>\n\t\t","protected":false},"excerpt":{"rendered":"<p>Istoric Rotary Club Timi\u0219oara &#8211; re\u00eenfiin\u021bat \u00een 1994 Al doilea \u00eenceput Rotary Timi\u0219oara Rotary Club Timi\u0219oara s-a re\u00eenfiin\u021bat in 1994 \u00een urma unor ac\u021biuni \u0219i vizite ale unor timi\u0219oreni \u00een Fran\u021ba \u0219i a contactului cu cluburi franceze. \u00cen anii 1990,&hellip;<\/p>\n","protected":false},"author":1,"featured_media":0,"parent":1327,"menu_order":0,"comment_status":"closed","ping_status":"closed","template":"","meta":{"footnotes":""},"class_list":["post-2557","page","type-page","status-publish","hentry"],"_links":{"self":[{"href":"https:\/\/www.rotarytm.ro\/index.php?rest_route=\/wp\/v2\/pages\/2557","targetHints":{"allow":["GET"]}}],"collection":[{"href":"https:\/\/www.rotarytm.ro\/index.php?rest_route=\/wp\/v2\/pages"}],"about":[{"href":"https:\/\/www.rotarytm.ro\/index.php?rest_route=\/wp\/v2\/types\/page"}],"author":[{"embeddable":true,"href":"https:\/\/www.rotarytm.ro\/index.php?rest_route=\/wp\/v2\/users\/1"}],"replies":[{"embeddable":true,"href":"https:\/\/www.rotarytm.ro\/index.php?rest_route=%2Fwp%2Fv2%2Fcomments&post=2557"}],"version-history":[{"count":5,"href":"https:\/\/www.rotarytm.ro\/index.php?rest_route=\/wp\/v2\/pages\/2557\/revisions"}],"predecessor-version":[{"id":3193,"href":"https:\/\/www.rotarytm.ro\/index.php?rest_route=\/wp\/v2\/pages\/2557\/revisions\/3193"}],"up":[{"embeddable":true,"href":"https:\/\/www.rotarytm.ro\/index.php?rest_route=\/wp\/v2\/pages\/1327"}],"wp:attachment":[{"href":"https:\/\/www.rotarytm.ro\/index.php?rest_route=%2Fwp%2Fv2%2Fmedia&parent=2557"}],"curies":[{"name":"wp","href":"https:\/\/api.w.org\/{rel}","templated":true}]}}