{"id":2552,"date":"2020-01-08T08:16:14","date_gmt":"2020-01-08T08:16:14","guid":{"rendered":"http:\/\/www.rotarytm.ro\/?page_id=2552"},"modified":"2020-01-17T10:42:33","modified_gmt":"2020-01-17T10:42:33","slug":"rotary-romania-1929","status":"publish","type":"page","link":"https:\/\/www.rotarytm.ro\/?page_id=2552","title":{"rendered":"Rotary Rom\u00e2nia 1929"},"content":{"rendered":"\t\t<div data-elementor-type=\"wp-page\" data-elementor-id=\"2552\" class=\"elementor elementor-2552\">\n\t\t\t\t\t\t<section class=\"elementor-section elementor-top-section elementor-element elementor-element-28657778 elementor-section-boxed elementor-section-height-default elementor-section-height-default\" data-id=\"28657778\" data-element_type=\"section\" data-e-type=\"section\">\n\t\t\t\t\t\t<div class=\"elementor-container elementor-column-gap-default\">\n\t\t\t\t\t<div class=\"elementor-column elementor-col-100 elementor-top-column elementor-element elementor-element-7cb8bc5b\" data-id=\"7cb8bc5b\" data-element_type=\"column\" data-e-type=\"column\">\n\t\t\t<div class=\"elementor-widget-wrap elementor-element-populated\">\n\t\t\t\t\t\t<div class=\"elementor-element elementor-element-360f1780 elementor-widget elementor-widget-text-editor\" data-id=\"360f1780\" data-element_type=\"widget\" data-e-type=\"widget\" data-widget_type=\"text-editor.default\">\n\t\t\t\t<div class=\"elementor-widget-container\">\n\t\t\t\t\t\t\t\t\t<p><\/p>\n<h2 style=\"text-align: center;\"><strong>DISTRICT 2241 ROM\u00c2NIA &amp; REPUBLICA MOLDOVA<\/strong><\/h2>\n<h3><strong>Rotary \u00een Rom\u00e2nia<\/strong><\/h3>\n<p>\u00a0<\/p>\n<p>La mai pu\u0163in de un sfert de secol de la \u00eenfiin\u0163area primului club Rotary, Christian Penescu &#8211; Kertsch \u00eenfiin\u0163eaz\u0103 \u015fi devine primul Pre\u015fedinte al Clubului Rotary Bucure\u015fti. Acesta este urmat imediat de cluburi Rotary \u00een celelalte dou\u0103 mari ora\u015fe ale \u0163\u0103rii, Cluj \u015fi Timi\u015foara. Pas cu pas, scopurile \u015fi, de ce nu, idealurile rotariene sunt \u00een\u0163elese \u015fi acceptate de oameni importan\u0163i, nume de prim rang din elita intelectual\u0103 a \u0163\u0103rii, de la medici \u015fi oameni de \u015ftiin\u0163\u0103, la oameni de art\u0103 \u015fi mari oameni de afaceri. Rezultatul \u00eel constituie \u00eenc\u0103 \u015fase cluburi: Arad, Bra\u015fov, C\u00e2mpina, Cern\u0103u\u0163i, Ia\u015fi, Ploie\u015fti.<\/p>\n<p style=\"text-align: left;\">Cu nou\u0103 cluburi, \u00een anul <strong>1936<\/strong> se creeaz\u0103 <strong>Districtul rom\u00e2nesc<\/strong> care prime\u015fte num\u0103rul <strong>84<\/strong>. Efectul activit\u0103\u0163ii \u015fi ac\u0163iunilor rotariene \u00eencepe s\u0103 se vad\u0103 pe \u00eentreg teritoriul \u0163\u0103rii. Doar c\u0103, \u00een plin av\u00e2nt, mi\u015fcarea rotarian\u0103 este interzis\u0103 \u00een toat\u0103 zona centro-est-european\u0103. Primele regimuri totalitare preluaser\u0103 puterea. Europa se preg\u0103tea de r\u0103zboi. Rom\u00e2nia se preg\u0103tea pentru o noapte care avea s\u0103 dureze 60 de ani.<\/p>\n<p>\u00a0<\/p>\n<p style=\"text-align: left;\"><strong>Al doilea \u00eenceput Rotary Romania<\/strong><\/p>\n<p>\u00cen anul 1992, cu sprijinul rotarienilor francezi, se re\u00eenfiin\u0163eaz\u0103 Clubul Rotary Bucure\u015fti. Ca \u015fi la \u00eenceput, el va fi urmat imediat de cluburile din Cluj \u015fi Timi\u015foara. \u00cen luna iunie 1996 existau \u00een Rom\u00e2nia 13 cluburi<br \/>care, toate f\u0103ceau parte din Districtul 1160 din Paris. La 1 iulie 1996, Rom\u00e2nia dep\u0103\u015fe\u015fte o a doua barier\u0103, fiind definit\u0103 de Rotary International drept \u201ezon\u0103 de expansiune rotarian\u0103\u201d, \u00eempreun\u0103 cu Republica Moldova. Tot Comitetul Interna\u0163ional desemneaz\u0103 pe rotarianul elve\u0163ian Jorg Tschopp drept \u201eadministrator preziden\u0163ial pentru expansiune\u201d. Rezultatul este de-a dreptul impresionant : \u00een mai pu\u0163in de trei ani, num\u0103rul cluburilor ajunge la 30. Cu dou\u0103 premiere absolute : primul Club Rotary la Chi\u015fin\u0103u<br \/>\u015fi primul &#8211; al doilea club \u00eentr-un ora\u015f rom\u00e2nesc &#8211; Clubul Rotary Bucure\u015fti &#8211; Continental.<\/p>\n<p>\u00a0<\/p>\n<p><strong>Noul District 2241<\/strong><\/p>\n<p>\u00cen condi\u0163iile \u00een care ac\u0163iunile rotariene au adus \u00een \u0163\u0103rile noastre aproape \u015fase milioane de dolari \u00een \u015fase ani, cea mai ampl\u0103 ac\u0163iune a noastr\u0103 fiind campania de eradicare a poliomielitei din 1996, integral finan\u0163at\u0103 \u015fi organizat\u0103 de cluburile Rotary, c\u00e2nd au fost vaccina\u0163i 1,5 milioane de copii, scopul principal a fost reob\u0163inerea statului de district. Acest eveniment s-a petrecut la <strong>1 septembrie 1999<\/strong>, c\u00e2nd comitetul Rotary International \u015fi Pre\u015fedintele Carlo Ravizza au decis c\u0103 \u00een <strong>Rom\u00e2nia \u015fi Republica<\/strong><br \/><strong>Moldova<\/strong>, cluburile Rotary vor face parte din propriul lor <strong>district, num\u0103rul 2241<\/strong>. Dup\u0103 Polonia (1998) \u015fi Republicile Ceh\u0103 \u015fi Slovac\u0103 (renumite \u00eentr-un singur district \u00een 1999), este r\u00e2ndul nostru. Nicio alt\u0103 \u0163ar\u0103 din estul Europei nu a mai primit aceast\u0103 onoare.<\/p>\n<p><em>Inaugurat la 17 iunie 2000 : Districtul 2241 Rom\u00e2nia &#8211; Republica Moldova.<\/em><br \/><em>(*mai multe informa\u021bii \u00een Corneliu. Dinc\u0103 \u2013 Istoria Rotary \u00een Rom\u00e2nia, 2019)<\/em><\/p>\n<p>\u00a0<\/p>\n<p><strong>Viitorul<\/strong><\/p>\n<p>Num\u0103rul oficial actual de cluburi Rotary din Districtul 2241 este de 133 cu peste 3500 de rotarieni. \u00cen ora\u015fe mari sau mici, \u00een zone industriale sau \u00een centre de mare tradi\u0163ie cultural\u0103 sau cu o enorm\u0103 \u00eenc\u0103rc\u0103tur\u0103 istoric\u0103 \u015fi de suflet (cum ar fi Alba Iulia \u015fi Chi\u0219in\u0103u), rotarienii rom\u00e2ni \u015fi basarabeni \u00ee\u015fi onoreaz\u0103 privilegiul de a apar\u0163ine Rotary International, cea mai important\u0103 organiza\u0163ie non-guvernamental\u0103 din lume care, cu cei peste 1 200 000 de membri ai s\u0103i \u0219i peste 30.000 cluburi este singura din aceast\u0103 categorie care are un reprezentant permanent pe l\u00e2ng\u0103 Na\u0163iunile Unite.<br \/>Scopul nostru este de a ajuta de a servi mai presus de noi \u00een\u015fine. De la copii la b\u0103tr\u00e2ni, de la spitale la institu\u0163ii culturale care exist\u0103 sau care vor fi \u00eenfiin\u0163ate, de la alinarea suferin\u0163elor la programul de burse pentru tinerii care \u00ee\u015fi doresc cu adev\u0103rat s\u0103 \u00eenve\u0163e. Este modul \u00een care \u00eencerc\u0103m s\u0103 ne facem \u015fi \u00een acest fel datoria fat\u0103 de \u0163\u0103rile noastre.<\/p>\n<p>\u00a0<\/p>\n<p><\/p>\n<div>\u00a0<\/div>\n<div>\u00a0<\/div>\t\t\t\t\t\t\t\t<\/div>\n\t\t\t\t<\/div>\n\t\t\t\t\t<\/div>\n\t\t<\/div>\n\t\t\t\t\t<\/div>\n\t\t<\/section>\n\t\t\t\t<\/div>\n\t\t","protected":false},"excerpt":{"rendered":"<p>DISTRICT 2241 ROM\u00c2NIA &amp; REPUBLICA MOLDOVA Rotary \u00een Rom\u00e2nia \u00a0 La mai pu\u0163in de un sfert de secol de la \u00eenfiin\u0163area primului club Rotary, Christian Penescu &#8211; Kertsch \u00eenfiin\u0163eaz\u0103 \u015fi devine primul Pre\u015fedinte al Clubului Rotary Bucure\u015fti. Acesta este urmat&hellip;<\/p>\n","protected":false},"author":1,"featured_media":0,"parent":1327,"menu_order":0,"comment_status":"closed","ping_status":"closed","template":"","meta":{"footnotes":""},"class_list":["post-2552","page","type-page","status-publish","hentry"],"_links":{"self":[{"href":"https:\/\/www.rotarytm.ro\/index.php?rest_route=\/wp\/v2\/pages\/2552","targetHints":{"allow":["GET"]}}],"collection":[{"href":"https:\/\/www.rotarytm.ro\/index.php?rest_route=\/wp\/v2\/pages"}],"about":[{"href":"https:\/\/www.rotarytm.ro\/index.php?rest_route=\/wp\/v2\/types\/page"}],"author":[{"embeddable":true,"href":"https:\/\/www.rotarytm.ro\/index.php?rest_route=\/wp\/v2\/users\/1"}],"replies":[{"embeddable":true,"href":"https:\/\/www.rotarytm.ro\/index.php?rest_route=%2Fwp%2Fv2%2Fcomments&post=2552"}],"version-history":[{"count":7,"href":"https:\/\/www.rotarytm.ro\/index.php?rest_route=\/wp\/v2\/pages\/2552\/revisions"}],"predecessor-version":[{"id":2773,"href":"https:\/\/www.rotarytm.ro\/index.php?rest_route=\/wp\/v2\/pages\/2552\/revisions\/2773"}],"up":[{"embeddable":true,"href":"https:\/\/www.rotarytm.ro\/index.php?rest_route=\/wp\/v2\/pages\/1327"}],"wp:attachment":[{"href":"https:\/\/www.rotarytm.ro\/index.php?rest_route=%2Fwp%2Fv2%2Fmedia&parent=2552"}],"curies":[{"name":"wp","href":"https:\/\/api.w.org\/{rel}","templated":true}]}}