{"id":2487,"date":"2019-11-18T13:19:07","date_gmt":"2019-11-18T13:19:07","guid":{"rendered":"http:\/\/www.rotarytm.ro\/?page_id=2487"},"modified":"2020-01-06T15:00:57","modified_gmt":"2020-01-06T15:00:57","slug":"proiecte-2","status":"publish","type":"page","link":"https:\/\/www.rotarytm.ro\/?page_id=2487","title":{"rendered":"Proiecte"},"content":{"rendered":"<p style=\"text-indent: 50px;\">\u00cen cei 90 de ani de existen\u021b\u0103, Rotary Club Timi\u0219oara a sus\u021binut \u0219i promovat proiecte sociale, medicale, educa\u021bionale \u0219i culturale cu impact mare \u00een comunitatea regional\u0103 \u0219i na\u021bional\u0103. Motiva\u021bi de principiul rotarian \u201dA servi mai presus de tine \u00eensu\u021bi!\u201d, cei 75 de membri ai Rotary Club Timi\u0219oara au realizat \u00een ultimii 25 de ani proiecte caritabile de peste 3 milioane de Euro. Proiectele realizate de c\u0103tre Rotary Club Timi\u0219oara de-a lungul anilor au fost sprijinite din fondurile proprii ob\u021binute din ac\u021biuni caritabile, dona\u021bii, sponsoriz\u0103ri de la diverse institu\u021bii sau companii, dar \u0219i prin proiectele de tip Matching Grants sau Global Grants, finan\u021bate par\u021bial de c\u0103tre Rotary International. Proiectele de tip Matching Grants sau Global Grants sunt proiecte de competi\u021bie, realizate obligatoriu prin parteneriate cu alte cluburi Rotary din alte districte, \u00een afara Rom\u00e2niei. Astfel s-au creat leg\u0103turi str\u00e2nse de colaborare \u0219i prietenie cu diverse cluburi din str\u0103in\u0103tate.<\/p>\n<p style=\"text-indent: 50px;\">\u00cen ultimii 25 de ani ne-am bucurat de diverse ac\u021biuni caritabile, cum ar fi popularul Bal Rotary, devenit \u00een ultimii ani Gala Rotary Timi\u0219oara, desf\u0103\u0219urat \u00een fiecare an \u00een noiembrie, un eveniment black-tie care reune\u0219te personalit\u0103\u021bi b\u0103n\u0103\u021bene; concursuri sportive (tenis, fotbal, pescuit), ac\u021biuni de parteneriat cu comunitatea. Toate proiectele au fost realizate \u00een spiritul de voluntariat al rotarienilor, prin implicarea nemijlocit\u0103 a membrilor clubului \u0219i a partenerilor lor.<\/p>\n<table style=\"border-collapse: collapse; width: 100%; height: 392px;\" border=\"1\" class=\"border\">\n<tbody>\n<tr style=\"height: 23px;\">\n<td style=\"width: 17.4138%; height: 23px; text-align: center;\">Nr. M.G<\/td>\n<td style=\"width: 40.8621%; height: 23px; text-align: center;\">Descriere<\/td>\n<td style=\"width: 29.3103%; height: 23px; text-align: center;\">District si nume club partener<\/td>\n<td style=\"width: 12.4138%; height: 23px; text-align: center;\">Suma USD<\/td>\n<\/tr>\n<tr style=\"height: 23px;\">\n<td style=\"width: 17.4138%; height: 23px; text-align: center;\">5070<\/td>\n<td style=\"width: 40.8621%; height: 23px; text-align: center;\">Ambulan\u0163e pentru Turnu Severin<\/td>\n<td style=\"width: 29.3103%; height: 23px; text-align: center;\">1850 Bremervorde<br \/>\n1040 Skipton<br \/>\n1590 Droten<\/td>\n<td style=\"width: 12.4138%; height: 23px; text-align: center;\">5672<\/td>\n<\/tr>\n<tr style=\"height: 24px;\">\n<td style=\"width: 17.4138%; height: 24px; text-align: center;\">5497<\/td>\n<td style=\"width: 40.8621%; height: 24px; text-align: center;\">Echipament pentru centrul de interven\u0163ie &#8211; mame cu copii f\u0103r\u0103 locuin\u0163\u0103<\/td>\n<td style=\"width: 29.3103%; height: 24px; text-align: center;\">1560 Doetinchem-Oude<\/td>\n<td style=\"width: 12.4138%; height: 24px; text-align: center;\">14450<\/td>\n<\/tr>\n<tr style=\"height: 23px;\">\n<td style=\"width: 17.4138%; height: 23px; text-align: center;\">5747<\/td>\n<td style=\"width: 40.8621%; height: 23px; text-align: center;\">Materiale pentru repara\u0163ii buc\u0103t\u0103rie \u015fi baie la casa de copii Mihal\u0163-Obreja<\/td>\n<td style=\"width: 29.3103%; height: 23px; text-align: center;\">1560 Wageningen-Bergpoort<\/td>\n<td style=\"width: 12.4138%; height: 23px; text-align: center;\">12850<\/td>\n<\/tr>\n<tr style=\"height: 23px;\">\n<td style=\"width: 17.4138%; height: 23px; text-align: center;\">6367<\/td>\n<td style=\"width: 40.8621%; height: 23px; text-align: center;\">Mobil\u0103 \u015fi echipament pentru o cas\u0103 pentru orfani \u015fi b\u0103tr\u00e2ni din Timi\u015foara<\/td>\n<td style=\"width: 29.3103%; height: 23px; text-align: center;\">1790 Pays de Bitche<br \/>\n1860 Saarlouis Untere Saar<\/td>\n<td style=\"width: 12.4138%; height: 23px; text-align: center;\">10000<\/td>\n<\/tr>\n<tr style=\"height: 23px;\">\n<td style=\"width: 17.4138%; height: 23px; text-align: center;\">6835<\/td>\n<td style=\"width: 40.8621%; height: 23px; text-align: center;\">Microbuze pentru Centrul Pentru Voi<\/td>\n<td style=\"width: 29.3103%; height: 23px; text-align: center;\">1550 Elst-Over Betuwe<\/td>\n<td style=\"width: 12.4138%; height: 23px; text-align: center;\">15970<\/td>\n<\/tr>\n<tr style=\"height: 23px;\">\n<td style=\"width: 17.4138%; height: 23px; text-align: center;\">7182<\/td>\n<td style=\"width: 40.8621%; height: 23px; text-align: center;\">10 ambulan\u0163e \u015fi 10 defibraloatoare pentru Turnu Severin<\/td>\n<td style=\"width: 29.3103%; height: 23px; text-align: center;\">1040 District<\/td>\n<td style=\"width: 12.4138%; height: 23px; text-align: center;\">20000<\/td>\n<\/tr>\n<tr style=\"height: 23px;\">\n<td style=\"width: 17.4138%; height: 23px; text-align: center;\">7211<\/td>\n<td style=\"width: 40.8621%; height: 23px; text-align: center;\">Microbuz pentru orfelinatul de la Re\u015fi\u0163a<\/td>\n<td style=\"width: 29.3103%; height: 23px; text-align: center;\">1710 Belley<\/td>\n<td style=\"width: 12.4138%; height: 23px; text-align: center;\">6600<\/td>\n<\/tr>\n<tr style=\"height: 23px;\">\n<td style=\"width: 17.4138%; height: 23px; text-align: center;\">8273<\/td>\n<td style=\"width: 40.8621%; height: 23px; text-align: center;\">Echipament informatic pentru un centru de tineret Timi\u015foara<\/td>\n<td style=\"width: 29.3103%; height: 23px; text-align: center;\">5060 Cashmere<\/td>\n<td style=\"width: 12.4138%; height: 23px; text-align: center;\">3500<\/td>\n<\/tr>\n<tr style=\"height: 23px;\">\n<td style=\"width: 17.4138%; height: 23px; text-align: center;\">9771<\/td>\n<td style=\"width: 40.8621%; height: 23px; text-align: center;\">Microbuz pentru un centru de b\u0103tr\u00e2ni din Timi\u015foara<\/td>\n<td style=\"width: 29.3103%; height: 23px; text-align: center;\">1570 Maarsen-Breukelen<\/td>\n<td style=\"width: 12.4138%; height: 23px; text-align: center;\">10245<\/td>\n<\/tr>\n<tr style=\"height: 23px;\">\n<td style=\"width: 17.4138%; height: 23px; text-align: center;\">10854<\/td>\n<td style=\"width: 40.8621%; height: 23px; text-align: center;\">Casa cu ferestre deschise \u2013 vitamine \u015fi medicamente<\/td>\n<td style=\"width: 29.3103%; height: 23px; text-align: center;\">1570 Nieuwkoop<\/td>\n<td style=\"width: 12.4138%; height: 23px; text-align: center;\">12400<\/td>\n<\/tr>\n<tr style=\"height: 23px;\">\n<td style=\"width: 17.4138%; height: 23px; text-align: center;\">12594<\/td>\n<td style=\"width: 40.8621%; height: 23px; text-align: center;\">Ferestre pentru Haus Lebensquelle<\/td>\n<td style=\"width: 29.3103%; height: 23px; text-align: center;\">1950 Muhlhausen<\/td>\n<td style=\"width: 12.4138%; height: 23px; text-align: center;\">3000<\/td>\n<\/tr>\n<tr style=\"height: 23px;\">\n<td style=\"width: 17.4138%; height: 23px; text-align: center;\">18535<\/td>\n<td style=\"width: 40.8621%; height: 23px; text-align: center;\">Echipament Pentru clinica de copii Louis \u0162urcanu<\/td>\n<td style=\"width: 29.3103%; height: 23px; text-align: center;\">2050 Castiglione delle Stiviere e Alto Mantovano&nbsp;<\/p>\n<p>1840 Erding<\/td>\n<td style=\"width: 12.4138%; height: 23px; text-align: center;\">11550<\/td>\n<\/tr>\n<tr style=\"height: 23px;\">\n<td style=\"width: 17.4138%; height: 23px; text-align: center;\">21685<\/td>\n<td style=\"width: 40.8621%; height: 23px; text-align: center;\">Echipament pentru Centrul National de Studii pentru Medicina Familiei<\/td>\n<td style=\"width: 29.3103%; height: 23px; text-align: center;\">1551Heerlen<\/td>\n<td style=\"width: 12.4138%; height: 23px; text-align: center;\">10150<\/td>\n<\/tr>\n<tr style=\"height: 23px;\">\n<td style=\"width: 17.4138%; height: 23px; text-align: center;\">21729<\/td>\n<td style=\"width: 40.8621%; height: 23px; text-align: center;\">Microbuz la Centrul Pentru Voi<\/td>\n<td style=\"width: 29.3103%; height: 23px; text-align: center;\">1550 Elst-Over Betuwe<\/td>\n<td style=\"width: 12.4138%; height: 23px; text-align: center;\">18652<\/td>\n<\/tr>\n<tr style=\"height: 23px;\">\n<td style=\"width: 17.4138%; height: 23px; text-align: center;\">52915<\/td>\n<td style=\"width: 40.8621%; height: 23px; text-align: center;\">Echipament pentru Spitalul de copii Louis \u0162urcanu<\/td>\n<td style=\"width: 29.3103%; height: 23px; text-align: center;\">1840 Erding<\/td>\n<td style=\"width: 12.4138%; height: 23px; text-align: center;\">2270<\/td>\n<\/tr>\n<tr style=\"height: 23px;\">\n<td style=\"width: 17.4138%; text-align: center; height: 23px;\">&nbsp;<\/td>\n<td style=\"width: 40.8621%; height: 23px; text-align: left;\">&nbsp;<\/td>\n<td style=\"width: 29.3103%; height: 23px;\">&nbsp;<\/td>\n<td style=\"width: 12.4138%; height: 23px; text-align: center;\">&nbsp;<\/td>\n<\/tr>\n<tr>\n<td style=\"width: 17.4138%; text-align: center;\">&nbsp;<\/td>\n<td style=\"width: 40.8621%; text-align: left;\">TOTAL<\/td>\n<td style=\"width: 29.3103%;\">&nbsp;<\/td>\n<td style=\"width: 12.4138%; text-align: center;\">155039<\/td>\n<\/tr>\n<\/tbody>\n<\/table>\n<h5>Institu\u021bii \u0219i ONG-uri cu finan\u021bare de la Rotary Club Timi\u0219oara \u00een ultimii 5 ani<\/h5>\n<ul>\n<li>After School Barateaz<\/li>\n<li>Asocia\u021bia Alergotura<\/li>\n<li>Asocia\u021bia Ambulan\u021ba Timi\u0219<\/li>\n<li>Asocia\u021bia Banat IT<\/li>\n<li>Asocia\u021bia Cultural Educa\u021bional\u0103 Socrates ACES<\/li>\n<li>Asocia\u021bia Cultural\u0103 Smart<\/li>\n<li>Asocia\u021bia Cultural\u0103 Timi\u0219oara Gospel Project<\/li>\n<li>Asocia\u021bia de P\u0103rin\u021bi Ml\u0103di\u021be<\/li>\n<li>Asocia\u021bia Femeilor Rome<\/li>\n<li>Asocia\u021bia Inventatorilor din Banat<\/li>\n<li>Asocia\u021bia Look Inside<\/li>\n<li>Asocia\u021bia Memorialul Revolu\u021biei 16-22 Decembrie<\/li>\n<li>Asocia\u021bia Olimpiada de Fizic\u0103 Na\u021bional\u0103<\/li>\n<li>Asocia\u021bia Oncohelp<\/li>\n<li>Asocia\u021bia Profimat<\/li>\n<li>Asocia\u021bia \u0218coala Mamei Junior<\/li>\n<li>Asocia\u021bia Timisensis<\/li>\n<li>Asocia\u021bia Timi\u0219oara Capital\u0103 Cultural\u0103<\/li>\n<li>C\u0103minul de B\u0103tr\u00e2ni<\/li>\n<li>Centrul de zi \u201cSf.Nicolae\u201d<\/li>\n<li>Centrul de zi pentru copiii str\u0103zii<\/li>\n<li>Centrul Jude\u021bean de Excelen\u021b\u0103<\/li>\n<li>Centrul Regional de Transfuzie Timi\u0219oara<\/li>\n<li>Cerceta\u0219ii Rom\u00e2niei<\/li>\n<li>Clubul Sportiv Alternative<\/li>\n<li>Clubul Sportiv Magnum<\/li>\n<li>Culorile care redau via\u021ba<\/li>\n<li>Din\u021bi frumo\u0219i, copii s\u0103n\u0103to\u0219i<\/li>\n<li>Forumul de Preven\u021bie<\/li>\n<li>Funda\u021bia Alternativa<\/li>\n<li>Funda\u021bia Interart Triade<\/li>\n<li>Funda\u021bia Pentru Voi<\/li>\n<li>Funda\u021bia Rudolf Steiner<\/li>\n<li>Funda\u021bia Speran\u021ba<\/li>\n<li>Funda\u021bia Timi\u0219oara 89<\/li>\n<li>Inspectoratul \u0218colar Timi\u0219<\/li>\n<li>Oncogen<\/li>\n<li>Spitalul or\u0103\u0219enesc Abrud<\/li>\n<li>Spitalul Municipal Caransebe\u0219<\/li>\n<li>Spitalul Clinic de Urgen\u021b\u0103 pentru copii<\/li>\n<li>Uniunea European\u0103 Banat<\/li>\n<li>Ziua P\u0103m\u00e2ntului 2015 \u2013 50 biciclete<\/li>\n<\/ul>\n","protected":false},"excerpt":{"rendered":"<p>\u00cen cei 90 de ani de existen\u021b\u0103, Rotary Club Timi\u0219oara a sus\u021binut \u0219i promovat proiecte sociale, medicale, educa\u021bionale \u0219i culturale cu impact mare \u00een comunitatea regional\u0103 \u0219i na\u021bional\u0103. Motiva\u021bi de principiul rotarian \u201dA servi mai presus de tine \u00eensu\u021bi!\u201d, cei&hellip;<\/p>\n","protected":false},"author":1,"featured_media":0,"parent":0,"menu_order":0,"comment_status":"closed","ping_status":"closed","template":"","meta":{"footnotes":""},"class_list":["post-2487","page","type-page","status-publish","hentry"],"_links":{"self":[{"href":"https:\/\/www.rotarytm.ro\/index.php?rest_route=\/wp\/v2\/pages\/2487","targetHints":{"allow":["GET"]}}],"collection":[{"href":"https:\/\/www.rotarytm.ro\/index.php?rest_route=\/wp\/v2\/pages"}],"about":[{"href":"https:\/\/www.rotarytm.ro\/index.php?rest_route=\/wp\/v2\/types\/page"}],"author":[{"embeddable":true,"href":"https:\/\/www.rotarytm.ro\/index.php?rest_route=\/wp\/v2\/users\/1"}],"replies":[{"embeddable":true,"href":"https:\/\/www.rotarytm.ro\/index.php?rest_route=%2Fwp%2Fv2%2Fcomments&post=2487"}],"version-history":[{"count":6,"href":"https:\/\/www.rotarytm.ro\/index.php?rest_route=\/wp\/v2\/pages\/2487\/revisions"}],"predecessor-version":[{"id":2686,"href":"https:\/\/www.rotarytm.ro\/index.php?rest_route=\/wp\/v2\/pages\/2487\/revisions\/2686"}],"wp:attachment":[{"href":"https:\/\/www.rotarytm.ro\/index.php?rest_route=%2Fwp%2Fv2%2Fmedia&parent=2487"}],"curies":[{"name":"wp","href":"https:\/\/api.w.org\/{rel}","templated":true}]}}