{"id":2468,"date":"2020-01-06T13:21:28","date_gmt":"2020-01-06T13:21:28","guid":{"rendered":"http:\/\/www.rotarytm.ro\/?page_id=2468"},"modified":"2020-01-17T10:32:15","modified_gmt":"2020-01-17T10:32:15","slug":"2018-2019","status":"publish","type":"page","link":"https:\/\/www.rotarytm.ro\/?page_id=2468","title":{"rendered":"2018 \u2013 2019"},"content":{"rendered":"\t\t<div data-elementor-type=\"wp-page\" data-elementor-id=\"2468\" class=\"elementor elementor-2468\">\n\t\t\t\t\t\t<section class=\"elementor-section elementor-top-section elementor-element elementor-element-1b066ec7 elementor-section-boxed elementor-section-height-default elementor-section-height-default\" data-id=\"1b066ec7\" data-element_type=\"section\" data-e-type=\"section\">\n\t\t\t\t\t\t<div class=\"elementor-container elementor-column-gap-default\">\n\t\t\t\t\t<div class=\"elementor-column elementor-col-100 elementor-top-column elementor-element elementor-element-d83163c\" data-id=\"d83163c\" data-element_type=\"column\" data-e-type=\"column\">\n\t\t\t<div class=\"elementor-widget-wrap elementor-element-populated\">\n\t\t\t\t\t\t<div class=\"elementor-element elementor-element-1fddf1d elementor-widget elementor-widget-heading\" data-id=\"1fddf1d\" data-element_type=\"widget\" data-e-type=\"widget\" data-widget_type=\"heading.default\">\n\t\t\t\t<div class=\"elementor-widget-container\">\n\t\t\t\t\t<h2 class=\"elementor-heading-title elementor-size-default\">Pre\u0219edinte ANDONE Diana<\/h2>\t\t\t\t<\/div>\n\t\t\t\t<\/div>\n\t\t\t\t<div class=\"elementor-element elementor-element-61828e00 elementor-widget elementor-widget-text-editor\" data-id=\"61828e00\" data-element_type=\"widget\" data-e-type=\"widget\" data-widget_type=\"text-editor.default\">\n\t\t\t\t<div class=\"elementor-widget-container\">\n\t\t\t\t\t\t\t\t\t<p><strong>Vicepre\u0219edin\u021bi: Laila Onu \u0219i Romulus Popescu<\/strong><\/p><p><strong>Secretar: Sorina Jecza<\/strong><\/p><p><strong>Trezorier: Daniel Lighezan, Secretar executiv: Sorin Mu\u0219uroi<\/strong><\/p><p><strong>Sergeant of Arms: Marius B\u00eersete<\/strong><\/p><p><strong>Guvernator D2241 : Cristian Jurji (RC Timi\u0219oara Ripensis)<\/strong><\/p><p>Anul rotarian 2018-2019 st\u0103 sub semn aniversar: s\u0103rb\u0103torim \u00eempreun\u0103 90 de ani de la \u00eenceputurile mi\u0219c\u0103rii rotariene la Timi\u0219oara. Clubului nostru \u00eei revine responsabilitatea major\u0103 de a fi purt\u0103torul acestui fir de continuitate &#8211; momentul cre\u0103rii Clubului Rotary Timi\u0219oara \u00een anul 1929 \u0219i a celui din 1994, acum 25 de ani, c\u00e2nd ne-am rea\u0219ezat pe temelii noi, marc\u00e2nd astfel momentul revenirii \u00een marea familie rotarian\u0103. Aceast\u0103 aniversare o vom s\u0103rb\u0103tori \u00eempreun\u0103 pe 17 \u0219i 18 mai 2019 la Timi\u0219oara. Con\u0219tien\u021bi de aceast\u0103 zestre, ne-am l\u0103sat condu\u0219i de \u00eendemnul Be the inspiration, propun\u00e2ndu-ne a deveni, la nivel individual, dar \u0219i ca grup,modele pentru comunitatea pe care o reprezent\u0103m, surse de energie \u0219i inspira\u021bie din care s\u0103 se hr\u0103neasc\u0103 aceasta, dar, \u00een egal\u0103 m\u0103sur\u0103, l\u0103s\u00e2ndu-ne inspira\u021bi la r\u00e2ndu-ne de lumea \u00een care ne avem r\u0103d\u0103cinile.<\/p><p>Acestei permanente tensiuni dinspre \u0219i spre comunitate i-au r\u0103spuns toate ac\u021biunile noastre, bazate pe latura voca\u021bional\u0103 a Rotary. Structurate, ele au vizat invitarea \u00een colectivul nostru a unor personalit\u0103\u021bi din mediul timi\u0219orean cu impact \u00een comunitate. Fiecare dintre ace\u0219tia, speciali\u0219ti notorii \u00een domeniile lor de referin\u021b\u0103, au sus\u021binut prezent\u0103ri interesante \u0219i variate ce au captat prin informa\u021bie \u0219i documentare. Astfel, Jos\u00e9 Miguel Vi\u00f1als, consulul onorific al Regatului Spaniei la Timi\u0219oara, a analizat efectele mi\u0219c\u0103rii de independen\u021b\u0103 ale Cataloniei \u00een contextul mi\u0219c\u0103rile na\u021bionaliste sau de segregare ale altor state. Johnny Bota, recunoscut muzician, sintetiz\u00e2nd o istorie a jazz-ului \u0219i a tendin\u021belor sale actuale. Istoricul de art\u0103 Marius Cornea, muzeograf la Muzeul Na\u021bional al Banatului, a stimulat auditoriului m\u00e2ndria de a fi timi\u0219oreni, prin prezentarea: Timi\u0219oara &#8211; un ora\u0219, mai multe istorii, iar Remi R\u0103dulescu, pre\u0219edintele Societ\u0103\u021bii Inventatorilor din Banat a prezentat expozi\u021bia premierelor &#8211; timi\u0219orene, b\u0103n\u0103\u021bene, na\u021bionale, europene \u0219i mondiale; iar Proiectele de amploare ale ora\u0219ului Timi\u0219oara au fost dezb\u0103tute \u00een club cu sus\u021binerea lui Dan Diaconu, vice-primar. Unele \u00eent\u00e2lniri s-au constituit \u00een vizite diverse: s-a f\u0103cut astfel prezentarea activit\u0103\u021bii Asocia\u021biei Banat IT de c\u0103tre Radu Ticiu; prezentarea antreprenoriatului social-cultural, cu informa\u021bii despre Ambasada, Festivalul Plai, Festivalul JazzTM \u0219i despre evenimentul cultural Bega-Lumen de c\u0103tre Andreea Iager-Tako; s-a prezentat de c\u0103tre Sabin Totorean \u0219i Costin Ciocan Nokia Romania Innovation Garage \u0219i s-a vizitat Nokia Campus Timi\u0219oara; s-a f\u0103cut prezentarea Timotion, ce a avut-o drept invitat\u0103 pe Cristina Mure\u0219an; prezentarea Fondului \u0218tiin\u021bescu de c\u0103tre Funda\u021bia Comunitar\u0103 Timi\u0219oara. \u00cenafara acestor personalit\u0103\u021bi, s-a oferit \u0219ansa membrilor clubului s\u0103 Ia contact cu unele companii prestigioase ale ora\u0219ului sau s\u0103-\u0219i prezinte \u00een fa\u021ba colegilor propriile companii, activit\u0103\u021bile pe care le conduc \u0219i modul \u00een care sunt implica\u021bi \u00een comunitate. Am vizitat astfel: Universitatea Politehnica Timi\u0219oara- Centrul de e-Learning, Medici&#8217;s Academica, Funda\u021bia Pentru Voi, compania Litens Automotive, Muzeul Jecza (memorial Peter Jecza \u0219i un recital de arii \u0219i duete, oferit de studen\u021bi ai Facult\u0103\u021bii de Muzic\u0103 \u0219i Teatru din cadrul Universit\u0103\u021bii de Vest Timi\u0219oara).<\/p><p><a href=\"http:\/\/www.rotarytm.ro\/wp-content\/uploads\/2019\/11\/9.png\"><img fetchpriority=\"high\" decoding=\"async\" class=\"size-medium wp-image-2471 aligncenter\" src=\"http:\/\/www.rotarytm.ro\/wp-content\/uploads\/2019\/11\/9-300x224.png\" alt=\"\" width=\"300\" height=\"224\" srcset=\"https:\/\/www.rotarytm.ro\/wp-content\/uploads\/2019\/11\/9-300x224.png 300w, https:\/\/www.rotarytm.ro\/wp-content\/uploads\/2019\/11\/9-600x447.png 600w, https:\/\/www.rotarytm.ro\/wp-content\/uploads\/2019\/11\/9-251x187.png 251w, https:\/\/www.rotarytm.ro\/wp-content\/uploads\/2019\/11\/9-335x250.png 335w, https:\/\/www.rotarytm.ro\/wp-content\/uploads\/2019\/11\/9-537x400.png 537w, https:\/\/www.rotarytm.ro\/wp-content\/uploads\/2019\/11\/9-260x194.png 260w, https:\/\/www.rotarytm.ro\/wp-content\/uploads\/2019\/11\/9-250x186.png 250w, https:\/\/www.rotarytm.ro\/wp-content\/uploads\/2019\/11\/9-400x298.png 400w, https:\/\/www.rotarytm.ro\/wp-content\/uploads\/2019\/11\/9.png 605w\" sizes=\"(max-width: 300px) 100vw, 300px\" \/><\/a><\/p><p>Toate aceste \u00eent\u00e2lniri au ilustrat spiritul viu ce anim\u0103 clubul nostru,interesul deschis spre arii diverse\u0219i au avut un puternic character inspirativ.<\/p><p><a href=\"http:\/\/www.rotarytm.ro\/wp-content\/uploads\/2019\/11\/10.png\"><img decoding=\"async\" class=\"size-medium wp-image-2472 aligncenter\" src=\"http:\/\/www.rotarytm.ro\/wp-content\/uploads\/2019\/11\/10-300x108.png\" alt=\"\" width=\"300\" height=\"108\" srcset=\"https:\/\/www.rotarytm.ro\/wp-content\/uploads\/2019\/11\/10-300x108.png 300w, https:\/\/www.rotarytm.ro\/wp-content\/uploads\/2019\/11\/10-600x217.png 600w, https:\/\/www.rotarytm.ro\/wp-content\/uploads\/2019\/11\/10-251x91.png 251w, https:\/\/www.rotarytm.ro\/wp-content\/uploads\/2019\/11\/10-260x94.png 260w, https:\/\/www.rotarytm.ro\/wp-content\/uploads\/2019\/11\/10-250x90.png 250w, https:\/\/www.rotarytm.ro\/wp-content\/uploads\/2019\/11\/10-400x144.png 400w, https:\/\/www.rotarytm.ro\/wp-content\/uploads\/2019\/11\/10.png 604w\" sizes=\"(max-width: 300px) 100vw, 300px\" \/><\/a><\/p><p>Schimburilor generate de interac\u021biunile membrilor clubului li s-au ad\u0103ugat alte tipuri de conexiuni.<\/p><p>\u00centre acestea, un loc important l-a avut leg\u0103tura cu \u201dfra\u021bii\u201d mai mici ai clubului nostru \u2013 Rotaract \u0219i Interact &#8211; mentoratul activ asigurat, dar \u0219i infuzarea unei energii creative \u00een rela\u021biile noastre.<\/p><p>Leg\u0103turile cu celelalte cluburi timi\u0219orene au fost, de asemenea, importante. \u00cent\u00e2lnirile comune ale cluburilor, variile colabor\u0103ri, ac\u021biunile \u00eentreprinse \u00eempreun\u0103 atest\u0103 puternica noastr\u0103 leg\u0103tur\u0103 \u00een marea familie rotarian\u0103. Modul \u00een care s-a aniversat celebrarea a 100 de ani de la Marea Unire de la 1918 o atest\u0103. Am s\u0103rb\u0103torit la Timi\u0219oara evenimentul Rom\u00e2nia100 organizat de Cluburile Rotary, Rotaract \u0219i Interact Timisoara \u00een parteneriat cu Funda\u021bia Politehnica. Au vorbit despre evenimentele \u0219i contextul Unirii trei istorici de marc\u0103 ai Timi\u0219oarei Prof.dr. Miodrag Milin, Dr. Vasile Duda\u0219, Prof. Sorin Ionescu \u0219i experien\u021ba unic\u0103 a participan\u021bilor la Alba Iulia in 1 decembrie 1918 prin citirea unor pasaje din jurnalul preotului Ilie Chebeleu, din satul \u0218oimo\u0219, jude\u021bul Arad. Am s\u0103rb\u0103torit cu emo\u021bii \u0219i reveren\u021b\u0103, la Alba Iulia Aniversarea Marii Uniri, al\u0103turi de prietenii din Districtul D2241,uni\u021bi cu to\u021bii \u00een g\u00e2nduri \u0219i sim\u021biri.<\/p><p>Acest an a fost continuarea proiectelor tradi\u021bionale \u0219i ini\u021bierea unora noi ale Rotary Club Timi\u0219oara:<\/p><ul><li>D\u0103ruie\u0219te un Z\u00e2mbet (cadouri de Cr\u0103ciun pentru 25 de copii Centrul de zi \u201cSf.Nicolae\u201d \u0219i Centrul de zi pentru copiii str\u0103zii);<\/li><li>Bunici f\u0103r\u0103 nepo\u021bi;<\/li><li>Performan\u0163a \u00een satul b\u0103n\u0103\u0163ean;Educatie pentru Viitor: Olimp \u015fi Bursele Rotary;<\/li><li>O cas\u0103 pentru fiecare\u201d al Funda\u0163iei \u201cTimi\u015foara \u201989;<\/li><li>Centrul de zi \u201cOrizonturi Noi\u201d pentru persoane adulte cu dizabilit\u0103\u0163i intelectuale al Funda\u0163iei \u201cPentru Voi\u201d;<\/li><li>dotarea cu aparatur\u0103 a Centrului Regional de Transfuzie Sanguin\u0103 Timi\u0219oara;<\/li><li>Finan\u021barea Zero Robotics al Asocia\u021biei Banat IT;<\/li><li>Finan\u021barea After School B\u0103r\u0103teaz; Hidroterapia;<\/li><li>Din\u021bi S\u0103n\u0103to\u0219i \u2013 copii frumo\u0219i; Cursa r\u0103\u021bu\u0219telor cu Rotaract;<\/li><li>Gala de Blues Jazz Kamo, Funda\u021bia Pentru Voi \u00een Memoriilecet\u0103\u021bii, parte din Timi\u0219oara 2021 Capital\u0103 Cultural\u0103 European\u0103.<\/li><\/ul><p><a href=\"http:\/\/www.rotarytm.ro\/wp-content\/uploads\/2019\/11\/11.png\"><img decoding=\"async\" class=\"size-medium wp-image-2473 aligncenter\" src=\"http:\/\/www.rotarytm.ro\/wp-content\/uploads\/2019\/11\/11-283x300.png\" alt=\"\" width=\"283\" height=\"300\" srcset=\"https:\/\/www.rotarytm.ro\/wp-content\/uploads\/2019\/11\/11-283x300.png 283w, https:\/\/www.rotarytm.ro\/wp-content\/uploads\/2019\/11\/11-453x480.png 453w, https:\/\/www.rotarytm.ro\/wp-content\/uploads\/2019\/11\/11-251x266.png 251w, https:\/\/www.rotarytm.ro\/wp-content\/uploads\/2019\/11\/11-236x250.png 236w, https:\/\/www.rotarytm.ro\/wp-content\/uploads\/2019\/11\/11-378x400.png 378w, https:\/\/www.rotarytm.ro\/wp-content\/uploads\/2019\/11\/11-260x275.png 260w, https:\/\/www.rotarytm.ro\/wp-content\/uploads\/2019\/11\/11-250x265.png 250w, https:\/\/www.rotarytm.ro\/wp-content\/uploads\/2019\/11\/11-300x318.png 300w, https:\/\/www.rotarytm.ro\/wp-content\/uploads\/2019\/11\/11-400x423.png 400w, https:\/\/www.rotarytm.ro\/wp-content\/uploads\/2019\/11\/11.png 460w\" sizes=\"(max-width: 283px) 100vw, 283px\" \/><\/a><\/p><p><a href=\"http:\/\/www.rotarytm.ro\/wp-content\/uploads\/2019\/11\/12.png\"><img loading=\"lazy\" decoding=\"async\" class=\"size-medium wp-image-2474 aligncenter\" src=\"http:\/\/www.rotarytm.ro\/wp-content\/uploads\/2019\/11\/12-300x99.png\" alt=\"\" width=\"300\" height=\"99\" srcset=\"https:\/\/www.rotarytm.ro\/wp-content\/uploads\/2019\/11\/12-300x99.png 300w, https:\/\/www.rotarytm.ro\/wp-content\/uploads\/2019\/11\/12-600x197.png 600w, https:\/\/www.rotarytm.ro\/wp-content\/uploads\/2019\/11\/12-720x237.png 720w, https:\/\/www.rotarytm.ro\/wp-content\/uploads\/2019\/11\/12-251x83.png 251w, https:\/\/www.rotarytm.ro\/wp-content\/uploads\/2019\/11\/12-260x85.png 260w, https:\/\/www.rotarytm.ro\/wp-content\/uploads\/2019\/11\/12-250x82.png 250w, https:\/\/www.rotarytm.ro\/wp-content\/uploads\/2019\/11\/12-400x132.png 400w, https:\/\/www.rotarytm.ro\/wp-content\/uploads\/2019\/11\/12.png 736w\" sizes=\"(max-width: 300px) 100vw, 300px\" \/><\/a><\/p><p>Firul ce leag\u0103 toate manifest\u0103rile noastre traduce dorin\u021ba fiec\u0103ruia dintre noi de a se d\u0103rui pentru binele comunitar, de a-\u0219i pune toate capacit\u0103\u021bile \u00een slujba unor aspira\u021bii mai \u00eenalte dec\u00e2t interesul personal imediat. Acestui crez \u00eei r\u0103m\u00e2nem cu consecven\u021bi, merg\u00e2nd mai departe, \u00eempreun\u0103, spre anul 100 al Clubului Rotary Timi\u0219oara.<\/p>\t\t\t\t\t\t\t\t<\/div>\n\t\t\t\t<\/div>\n\t\t\t\t\t<\/div>\n\t\t<\/div>\n\t\t\t\t\t<\/div>\n\t\t<\/section>\n\t\t\t\t<\/div>\n\t\t","protected":false},"excerpt":{"rendered":"<p>Pre\u0219edinte ANDONE Diana Vicepre\u0219edin\u021bi: Laila Onu \u0219i Romulus Popescu Secretar: Sorina Jecza Trezorier: Daniel Lighezan, Secretar executiv: Sorin Mu\u0219uroi Sergeant of Arms: Marius B\u00eersete Guvernator D2241 : Cristian Jurji (RC Timi\u0219oara Ripensis) Anul rotarian 2018-2019 st\u0103 sub semn aniversar: s\u0103rb\u0103torim&hellip;<\/p>\n","protected":false},"author":1,"featured_media":0,"parent":1327,"menu_order":0,"comment_status":"closed","ping_status":"closed","template":"","meta":{"footnotes":""},"class_list":["post-2468","page","type-page","status-publish","hentry"],"_links":{"self":[{"href":"https:\/\/www.rotarytm.ro\/index.php?rest_route=\/wp\/v2\/pages\/2468","targetHints":{"allow":["GET"]}}],"collection":[{"href":"https:\/\/www.rotarytm.ro\/index.php?rest_route=\/wp\/v2\/pages"}],"about":[{"href":"https:\/\/www.rotarytm.ro\/index.php?rest_route=\/wp\/v2\/types\/page"}],"author":[{"embeddable":true,"href":"https:\/\/www.rotarytm.ro\/index.php?rest_route=\/wp\/v2\/users\/1"}],"replies":[{"embeddable":true,"href":"https:\/\/www.rotarytm.ro\/index.php?rest_route=%2Fwp%2Fv2%2Fcomments&post=2468"}],"version-history":[{"count":10,"href":"https:\/\/www.rotarytm.ro\/index.php?rest_route=\/wp\/v2\/pages\/2468\/revisions"}],"predecessor-version":[{"id":3183,"href":"https:\/\/www.rotarytm.ro\/index.php?rest_route=\/wp\/v2\/pages\/2468\/revisions\/3183"}],"up":[{"embeddable":true,"href":"https:\/\/www.rotarytm.ro\/index.php?rest_route=\/wp\/v2\/pages\/1327"}],"wp:attachment":[{"href":"https:\/\/www.rotarytm.ro\/index.php?rest_route=%2Fwp%2Fv2%2Fmedia&parent=2468"}],"curies":[{"name":"wp","href":"https:\/\/api.w.org\/{rel}","templated":true}]}}