{"id":2460,"date":"2020-01-06T13:13:17","date_gmt":"2020-01-06T13:13:17","guid":{"rendered":"http:\/\/www.rotarytm.ro\/?page_id=2460"},"modified":"2020-01-17T10:29:39","modified_gmt":"2020-01-17T10:29:39","slug":"2016-2017","status":"publish","type":"page","link":"https:\/\/www.rotarytm.ro\/?page_id=2460","title":{"rendered":"2016 \u2013 2017"},"content":{"rendered":"\t\t<div data-elementor-type=\"wp-page\" data-elementor-id=\"2460\" class=\"elementor elementor-2460\">\n\t\t\t\t\t\t<section class=\"elementor-section elementor-top-section elementor-element elementor-element-2e3f7e1 elementor-section-boxed elementor-section-height-default elementor-section-height-default\" data-id=\"2e3f7e1\" data-element_type=\"section\" data-e-type=\"section\">\n\t\t\t\t\t\t<div class=\"elementor-container elementor-column-gap-default\">\n\t\t\t\t\t<div class=\"elementor-column elementor-col-100 elementor-top-column elementor-element elementor-element-6c49736b\" data-id=\"6c49736b\" data-element_type=\"column\" data-e-type=\"column\">\n\t\t\t<div class=\"elementor-widget-wrap elementor-element-populated\">\n\t\t\t\t\t\t<div class=\"elementor-element elementor-element-8d2e1d7 elementor-widget elementor-widget-heading\" data-id=\"8d2e1d7\" data-element_type=\"widget\" data-e-type=\"widget\" data-widget_type=\"heading.default\">\n\t\t\t\t<div class=\"elementor-widget-container\">\n\t\t\t\t\t<h2 class=\"elementor-heading-title elementor-size-default\">Pre\u0219edinte GAI\u021a\u0102 Dan<\/h2>\t\t\t\t<\/div>\n\t\t\t\t<\/div>\n\t\t\t\t<div class=\"elementor-element elementor-element-772d2edb elementor-widget elementor-widget-text-editor\" data-id=\"772d2edb\" data-element_type=\"widget\" data-e-type=\"widget\" data-widget_type=\"text-editor.default\">\n\t\t\t\t<div class=\"elementor-widget-container\">\n\t\t\t\t\t\t\t\t\t<p>Proiectul \u201dTimi\u0219oara Inima Mea!\u201d, ini\u021biat de Clubul Rotary Timi\u0219oara, prin colegul nostru Dan GAI\u021a\u0102, \u00een anul 2010, a crescut, al\u0103tur\u00e2ndu-\u0219i celelalte Cluburi de Servicii din Timi\u0219oara, antren\u00e2nd comunitatea \u00eentr-o platform\u0103 comun\u0103, al c\u0103rei acronim \u00eembrac\u0103 numele ora\u0219ului \u2013 TIM.Apelul vorbe\u0219te comunit\u0103\u021bii&#8230; din inim\u0103! 3 argumente sunt memorabile:<\/p><p>\u201dAvem proiecte frumoase, avem tradi\u021bie \u0219i, mai ales, avem dorin\u021ba de a le \u00eemp\u0103rt\u0103\u0219i cu fiecare dintre voi, dragii no\u0219tri prieteni, cu care \u00eempreun\u0103 vis\u0103m la perfec\u021biunea comunit\u0103\u021bii noastre. Iar dac\u0103 visul nu ne sperie,\u00eenseamn\u0103 c\u0103 visul e prea mic!<\/p><p>For\u021ba e ceea ce ne mi\u0219c\u0103 c\u0103tre un anume interes. Frumuse\u021bea e ceea ce ne place, f\u0103r\u0103 vreun interes anume. \u00cen\u021belepciunea transform\u0103 interesul fiec\u0103ruia \u00een interesul nostru, \u00een\u021beleg\u00e2nd c\u0103, pentru a primi, trebuie s\u0103 d\u0103ruim&#8230; DIN INIM\u0102! Vino l\u00e2ng\u0103 noi \u00een acest demers \u0219i schimb\u0103 \u00een bine destinul a sute de oameni. \u0218i prin ei, al multor altora!<\/p><p><a href=\"http:\/\/www.rotarytm.ro\/wp-content\/uploads\/2019\/11\/6.png\"><img fetchpriority=\"high\" decoding=\"async\" class=\"wp-image-2461 aligncenter\" src=\"http:\/\/www.rotarytm.ro\/wp-content\/uploads\/2019\/11\/6-300x223.png\" alt=\"\" width=\"361\" height=\"268\" srcset=\"https:\/\/www.rotarytm.ro\/wp-content\/uploads\/2019\/11\/6-300x223.png 300w, https:\/\/www.rotarytm.ro\/wp-content\/uploads\/2019\/11\/6-600x447.png 600w, https:\/\/www.rotarytm.ro\/wp-content\/uploads\/2019\/11\/6-768x572.png 768w, https:\/\/www.rotarytm.ro\/wp-content\/uploads\/2019\/11\/6-645x480.png 645w, https:\/\/www.rotarytm.ro\/wp-content\/uploads\/2019\/11\/6-251x187.png 251w, https:\/\/www.rotarytm.ro\/wp-content\/uploads\/2019\/11\/6-336x250.png 336w, https:\/\/www.rotarytm.ro\/wp-content\/uploads\/2019\/11\/6-537x400.png 537w, https:\/\/www.rotarytm.ro\/wp-content\/uploads\/2019\/11\/6-260x194.png 260w, https:\/\/www.rotarytm.ro\/wp-content\/uploads\/2019\/11\/6-250x186.png 250w, https:\/\/www.rotarytm.ro\/wp-content\/uploads\/2019\/11\/6-400x298.png 400w, https:\/\/www.rotarytm.ro\/wp-content\/uploads\/2019\/11\/6.png 850w\" sizes=\"(max-width: 361px) 100vw, 361px\" \/><\/a><\/p>\t\t\t\t\t\t\t\t<\/div>\n\t\t\t\t<\/div>\n\t\t\t\t\t<\/div>\n\t\t<\/div>\n\t\t\t\t\t<\/div>\n\t\t<\/section>\n\t\t\t\t<\/div>\n\t\t","protected":false},"excerpt":{"rendered":"<p>Pre\u0219edinte GAI\u021a\u0102 Dan Proiectul \u201dTimi\u0219oara Inima Mea!\u201d, ini\u021biat de Clubul Rotary Timi\u0219oara, prin colegul nostru Dan GAI\u021a\u0102, \u00een anul 2010, a crescut, al\u0103tur\u00e2ndu-\u0219i celelalte Cluburi de Servicii din Timi\u0219oara, antren\u00e2nd comunitatea \u00eentr-o platform\u0103 comun\u0103, al c\u0103rei acronim \u00eembrac\u0103 numele ora\u0219ului&hellip;<\/p>\n","protected":false},"author":1,"featured_media":0,"parent":1327,"menu_order":0,"comment_status":"closed","ping_status":"closed","template":"","meta":{"footnotes":""},"class_list":["post-2460","page","type-page","status-publish","hentry"],"_links":{"self":[{"href":"https:\/\/www.rotarytm.ro\/index.php?rest_route=\/wp\/v2\/pages\/2460","targetHints":{"allow":["GET"]}}],"collection":[{"href":"https:\/\/www.rotarytm.ro\/index.php?rest_route=\/wp\/v2\/pages"}],"about":[{"href":"https:\/\/www.rotarytm.ro\/index.php?rest_route=\/wp\/v2\/types\/page"}],"author":[{"embeddable":true,"href":"https:\/\/www.rotarytm.ro\/index.php?rest_route=\/wp\/v2\/users\/1"}],"replies":[{"embeddable":true,"href":"https:\/\/www.rotarytm.ro\/index.php?rest_route=%2Fwp%2Fv2%2Fcomments&post=2460"}],"version-history":[{"count":5,"href":"https:\/\/www.rotarytm.ro\/index.php?rest_route=\/wp\/v2\/pages\/2460\/revisions"}],"predecessor-version":[{"id":3179,"href":"https:\/\/www.rotarytm.ro\/index.php?rest_route=\/wp\/v2\/pages\/2460\/revisions\/3179"}],"up":[{"embeddable":true,"href":"https:\/\/www.rotarytm.ro\/index.php?rest_route=\/wp\/v2\/pages\/1327"}],"wp:attachment":[{"href":"https:\/\/www.rotarytm.ro\/index.php?rest_route=%2Fwp%2Fv2%2Fmedia&parent=2460"}],"curies":[{"name":"wp","href":"https:\/\/api.w.org\/{rel}","templated":true}]}}