{"id":2456,"date":"2020-01-06T13:12:04","date_gmt":"2020-01-06T13:12:04","guid":{"rendered":"http:\/\/www.rotarytm.ro\/?page_id=2456"},"modified":"2020-01-17T10:29:11","modified_gmt":"2020-01-17T10:29:11","slug":"2015-2016","status":"publish","type":"page","link":"https:\/\/www.rotarytm.ro\/?page_id=2456","title":{"rendered":"2015 &#8211; 2016"},"content":{"rendered":"\t\t<div data-elementor-type=\"wp-page\" data-elementor-id=\"2456\" class=\"elementor elementor-2456\">\n\t\t\t\t\t\t<section class=\"elementor-section elementor-top-section elementor-element elementor-element-2fd6792d elementor-section-boxed elementor-section-height-default elementor-section-height-default\" data-id=\"2fd6792d\" data-element_type=\"section\" data-e-type=\"section\">\n\t\t\t\t\t\t<div class=\"elementor-container elementor-column-gap-default\">\n\t\t\t\t\t<div class=\"elementor-column elementor-col-100 elementor-top-column elementor-element elementor-element-1216a8d4\" data-id=\"1216a8d4\" data-element_type=\"column\" data-e-type=\"column\">\n\t\t\t<div class=\"elementor-widget-wrap elementor-element-populated\">\n\t\t\t\t\t\t<div class=\"elementor-element elementor-element-eee83df elementor-widget elementor-widget-heading\" data-id=\"eee83df\" data-element_type=\"widget\" data-e-type=\"widget\" data-widget_type=\"heading.default\">\n\t\t\t\t<div class=\"elementor-widget-container\">\n\t\t\t\t\t<h2 class=\"elementor-heading-title elementor-size-default\">Pre\u0219edinte EPURE Lia Lucia<\/h2>\t\t\t\t<\/div>\n\t\t\t\t<\/div>\n\t\t\t\t<div class=\"elementor-element elementor-element-4a387e9 elementor-widget elementor-widget-text-editor\" data-id=\"4a387e9\" data-element_type=\"widget\" data-e-type=\"widget\" data-widget_type=\"text-editor.default\">\n\t\t\t\t<div class=\"elementor-widget-container\">\n\t\t\t\t\t\t\t\t\t<p>Ca \u00een fiecare an, clubul nostru s-a implicat \u00een proiectele tradi\u021bionale (repetabile fiec\u0103rui an Rotary), dar a avut \u0219i unele unice. Cel pentru care ne-am concentrat \u00een acest an, a fost proiectul numit. \u201dLift pentru Oncohelp\u201d. Nevoia de a ajuta persoanele cu afec\u021biunea canceroas\u0103 ne-a mobilizat \u00een realizarea unui lift, necesar Funda\u021biei Oncohelp, \u00een care sunt tratate persoane cu aceast\u0103 boal\u0103.<\/p><p>Clubul a donat aproape 10 000 euro, valoarea total\u0103 fiind de 18 000 euro, iar o parte a costurilor a fost acoperit\u0103 chiar de c\u0103tre produc\u0103torul austriac.<\/p><p>La inaugurare au participat IPSS Ioan, Mitropolitul Banatului, al\u0103turi de dr. \u0218erban Negru, fondatorul Oncohelp.<\/p><p><a href=\"http:\/\/www.rotarytm.ro\/wp-content\/uploads\/2019\/11\/4.png\"><img fetchpriority=\"high\" decoding=\"async\" class=\"size-medium wp-image-2457 aligncenter\" src=\"http:\/\/www.rotarytm.ro\/wp-content\/uploads\/2019\/11\/4-300x225.png\" alt=\"\" width=\"300\" height=\"225\" srcset=\"https:\/\/www.rotarytm.ro\/wp-content\/uploads\/2019\/11\/4-300x225.png 300w, https:\/\/www.rotarytm.ro\/wp-content\/uploads\/2019\/11\/4-251x188.png 251w, https:\/\/www.rotarytm.ro\/wp-content\/uploads\/2019\/11\/4-333x250.png 333w, https:\/\/www.rotarytm.ro\/wp-content\/uploads\/2019\/11\/4-260x195.png 260w, https:\/\/www.rotarytm.ro\/wp-content\/uploads\/2019\/11\/4-250x188.png 250w, https:\/\/www.rotarytm.ro\/wp-content\/uploads\/2019\/11\/4-400x300.png 400w, https:\/\/www.rotarytm.ro\/wp-content\/uploads\/2019\/11\/4.png 452w\" sizes=\"(max-width: 300px) 100vw, 300px\" \/><\/a><\/p><p>Centru Harry Zimermman, un proiect , marca Rotary, rezultat din triste\u021bea noastr\u0103, la pierderea unui coleg minunat Harald Zimmerman,care ar fi putut fi salvat dac\u0103, pe p\u00e2rtia de la V\u0103liug (Semenic), ar fi existat un defibrilator cardiac. Harry n-a p\u0103r\u0103sit \u00een iarna anului 2015, noi am donat un aparat performat \u0219i am \u00eenfiin\u021bat centrul ce-i poart\u0103 numele, \u00een luna februarie a anului 2016. Sper\u0103m ca investi\u021bia noastr\u0103 s\u0103 fie folositoare \u0219i s\u0103 salveze vie\u021bi.<\/p><p><a href=\"http:\/\/www.rotarytm.ro\/wp-content\/uploads\/2019\/11\/5.png\"><img decoding=\"async\" class=\"size-medium wp-image-2458 aligncenter\" src=\"http:\/\/www.rotarytm.ro\/wp-content\/uploads\/2019\/11\/5-300x259.png\" alt=\"\" width=\"300\" height=\"259\" srcset=\"https:\/\/www.rotarytm.ro\/wp-content\/uploads\/2019\/11\/5-300x259.png 300w, https:\/\/www.rotarytm.ro\/wp-content\/uploads\/2019\/11\/5-600x518.png 600w, https:\/\/www.rotarytm.ro\/wp-content\/uploads\/2019\/11\/5-556x480.png 556w, https:\/\/www.rotarytm.ro\/wp-content\/uploads\/2019\/11\/5-251x217.png 251w, https:\/\/www.rotarytm.ro\/wp-content\/uploads\/2019\/11\/5-290x250.png 290w, https:\/\/www.rotarytm.ro\/wp-content\/uploads\/2019\/11\/5-464x400.png 464w, https:\/\/www.rotarytm.ro\/wp-content\/uploads\/2019\/11\/5-260x224.png 260w, https:\/\/www.rotarytm.ro\/wp-content\/uploads\/2019\/11\/5-250x216.png 250w, https:\/\/www.rotarytm.ro\/wp-content\/uploads\/2019\/11\/5-400x345.png 400w, https:\/\/www.rotarytm.ro\/wp-content\/uploads\/2019\/11\/5.png 656w\" sizes=\"(max-width: 300px) 100vw, 300px\" \/><\/a><\/p>\t\t\t\t\t\t\t\t<\/div>\n\t\t\t\t<\/div>\n\t\t\t\t\t<\/div>\n\t\t<\/div>\n\t\t\t\t\t<\/div>\n\t\t<\/section>\n\t\t\t\t<\/div>\n\t\t","protected":false},"excerpt":{"rendered":"<p>Pre\u0219edinte EPURE Lia Lucia Ca \u00een fiecare an, clubul nostru s-a implicat \u00een proiectele tradi\u021bionale (repetabile fiec\u0103rui an Rotary), dar a avut \u0219i unele unice. Cel pentru care ne-am concentrat \u00een acest an, a fost proiectul numit. \u201dLift pentru Oncohelp\u201d.&hellip;<\/p>\n","protected":false},"author":1,"featured_media":0,"parent":1327,"menu_order":0,"comment_status":"closed","ping_status":"closed","template":"","meta":{"footnotes":""},"class_list":["post-2456","page","type-page","status-publish","hentry"],"_links":{"self":[{"href":"https:\/\/www.rotarytm.ro\/index.php?rest_route=\/wp\/v2\/pages\/2456","targetHints":{"allow":["GET"]}}],"collection":[{"href":"https:\/\/www.rotarytm.ro\/index.php?rest_route=\/wp\/v2\/pages"}],"about":[{"href":"https:\/\/www.rotarytm.ro\/index.php?rest_route=\/wp\/v2\/types\/page"}],"author":[{"embeddable":true,"href":"https:\/\/www.rotarytm.ro\/index.php?rest_route=\/wp\/v2\/users\/1"}],"replies":[{"embeddable":true,"href":"https:\/\/www.rotarytm.ro\/index.php?rest_route=%2Fwp%2Fv2%2Fcomments&post=2456"}],"version-history":[{"count":6,"href":"https:\/\/www.rotarytm.ro\/index.php?rest_route=\/wp\/v2\/pages\/2456\/revisions"}],"predecessor-version":[{"id":3177,"href":"https:\/\/www.rotarytm.ro\/index.php?rest_route=\/wp\/v2\/pages\/2456\/revisions\/3177"}],"up":[{"embeddable":true,"href":"https:\/\/www.rotarytm.ro\/index.php?rest_route=\/wp\/v2\/pages\/1327"}],"wp:attachment":[{"href":"https:\/\/www.rotarytm.ro\/index.php?rest_route=%2Fwp%2Fv2%2Fmedia&parent=2456"}],"curies":[{"name":"wp","href":"https:\/\/api.w.org\/{rel}","templated":true}]}}