{"id":2449,"date":"2020-01-06T13:09:34","date_gmt":"2020-01-06T13:09:34","guid":{"rendered":"http:\/\/www.rotarytm.ro\/?page_id=2449"},"modified":"2020-01-17T10:28:43","modified_gmt":"2020-01-17T10:28:43","slug":"2014-2015","status":"publish","type":"page","link":"https:\/\/www.rotarytm.ro\/?page_id=2449","title":{"rendered":"2014 &#8211; 2015"},"content":{"rendered":"\t\t<div data-elementor-type=\"wp-page\" data-elementor-id=\"2449\" class=\"elementor elementor-2449\">\n\t\t\t\t\t\t<section class=\"elementor-section elementor-top-section elementor-element elementor-element-25dc402c elementor-section-boxed elementor-section-height-default elementor-section-height-default\" data-id=\"25dc402c\" data-element_type=\"section\" data-e-type=\"section\">\n\t\t\t\t\t\t<div class=\"elementor-container elementor-column-gap-default\">\n\t\t\t\t\t<div class=\"elementor-column elementor-col-100 elementor-top-column elementor-element elementor-element-6286f79\" data-id=\"6286f79\" data-element_type=\"column\" data-e-type=\"column\">\n\t\t\t<div class=\"elementor-widget-wrap elementor-element-populated\">\n\t\t\t\t\t\t<div class=\"elementor-element elementor-element-999ba27 elementor-widget elementor-widget-heading\" data-id=\"999ba27\" data-element_type=\"widget\" data-e-type=\"widget\" data-widget_type=\"heading.default\">\n\t\t\t\t<div class=\"elementor-widget-container\">\n\t\t\t\t\t<h2 class=\"elementor-heading-title elementor-size-default\">Pre\u0219edinte COSTINEANU Dan<\/h2>\t\t\t\t<\/div>\n\t\t\t\t<\/div>\n\t\t\t\t<div class=\"elementor-element elementor-element-c1547b1 elementor-widget elementor-widget-text-editor\" data-id=\"c1547b1\" data-element_type=\"widget\" data-e-type=\"widget\" data-widget_type=\"text-editor.default\">\n\t\t\t\t<div class=\"elementor-widget-container\">\n\t\t\t\t\t\t\t\t\t<p>\u00cen anul Rotarian 2014-2015 \u00eempreun\u0103 cu colegii din club \u0219i cei din cluburile din jude\u021b am reu\u0219it sa apropiem rela\u021biile dintre noi prin organizarea de \u00eent\u00e2lnirinperiodice comune \u2013 o premiera la nivel districtual.<\/p><p>De asemenea am ini\u021biat ac\u021biunile din seria \u201cSeara fo\u0219tilor Pre\u0219edin\u021bi RC Timi\u0219oara\u201d prin care am rememorat ac\u021biunile \u0219i \u00eent\u00e2mpl\u0103rile anilor trecu\u021bi. Principalul proiect al anului a fost \u00een sprijinul Spitalului de copii \u201cLouis \u021aurcanu\u201d din Timi\u0219oara \u00een valoare de peste 60000 EUR. \u00cempreun\u0103 cu D-na Dr. Mariana Boia\u00a0 am reu\u0219it s\u0103 ajutam la dotarea cu echipamente medicale a acestui spital de importan\u021b\u0103 regional\u0103. Acest proiect a beneficiat de o generoas\u0103 sponsorizare din partea Continental Tyres Rom\u00e2nia.<\/p><p><a href=\"http:\/\/www.rotarytm.ro\/wp-content\/uploads\/2019\/11\/2.png\"><img decoding=\"async\" class=\"size-medium wp-image-2450 aligncenter\" src=\"http:\/\/www.rotarytm.ro\/wp-content\/uploads\/2019\/11\/2-300x103.png\" alt=\"\" width=\"300\" height=\"103\" srcset=\"https:\/\/www.rotarytm.ro\/wp-content\/uploads\/2019\/11\/2-300x103.png 300w, https:\/\/www.rotarytm.ro\/wp-content\/uploads\/2019\/11\/2-600x206.png 600w, https:\/\/www.rotarytm.ro\/wp-content\/uploads\/2019\/11\/2-720x248.png 720w, https:\/\/www.rotarytm.ro\/wp-content\/uploads\/2019\/11\/2-251x86.png 251w, https:\/\/www.rotarytm.ro\/wp-content\/uploads\/2019\/11\/2-727x250.png 727w, https:\/\/www.rotarytm.ro\/wp-content\/uploads\/2019\/11\/2-260x89.png 260w, https:\/\/www.rotarytm.ro\/wp-content\/uploads\/2019\/11\/2-250x86.png 250w, https:\/\/www.rotarytm.ro\/wp-content\/uploads\/2019\/11\/2-400x138.png 400w, https:\/\/www.rotarytm.ro\/wp-content\/uploads\/2019\/11\/2.png 753w\" sizes=\"(max-width: 300px) 100vw, 300px\" \/><\/a> <a href=\"http:\/\/www.rotarytm.ro\/wp-content\/uploads\/2019\/11\/3.png\"><img decoding=\"async\" class=\"size-medium wp-image-2451 aligncenter\" src=\"http:\/\/www.rotarytm.ro\/wp-content\/uploads\/2019\/11\/3-300x113.png\" alt=\"\" width=\"300\" height=\"113\" srcset=\"https:\/\/www.rotarytm.ro\/wp-content\/uploads\/2019\/11\/3-300x113.png 300w, https:\/\/www.rotarytm.ro\/wp-content\/uploads\/2019\/11\/3-600x226.png 600w, https:\/\/www.rotarytm.ro\/wp-content\/uploads\/2019\/11\/3-768x289.png 768w, https:\/\/www.rotarytm.ro\/wp-content\/uploads\/2019\/11\/3-1024x386.png 1024w, https:\/\/www.rotarytm.ro\/wp-content\/uploads\/2019\/11\/3-720x271.png 720w, https:\/\/www.rotarytm.ro\/wp-content\/uploads\/2019\/11\/3-251x95.png 251w, https:\/\/www.rotarytm.ro\/wp-content\/uploads\/2019\/11\/3-664x250.png 664w, https:\/\/www.rotarytm.ro\/wp-content\/uploads\/2019\/11\/3-260x98.png 260w, https:\/\/www.rotarytm.ro\/wp-content\/uploads\/2019\/11\/3-250x94.png 250w, https:\/\/www.rotarytm.ro\/wp-content\/uploads\/2019\/11\/3-400x151.png 400w, https:\/\/www.rotarytm.ro\/wp-content\/uploads\/2019\/11\/3.png 1059w\" sizes=\"(max-width: 300px) 100vw, 300px\" \/><\/a><\/p>\t\t\t\t\t\t\t\t<\/div>\n\t\t\t\t<\/div>\n\t\t\t\t\t<\/div>\n\t\t<\/div>\n\t\t\t\t\t<\/div>\n\t\t<\/section>\n\t\t\t\t<\/div>\n\t\t","protected":false},"excerpt":{"rendered":"<p>Pre\u0219edinte COSTINEANU Dan \u00cen anul Rotarian 2014-2015 \u00eempreun\u0103 cu colegii din club \u0219i cei din cluburile din jude\u021b am reu\u0219it sa apropiem rela\u021biile dintre noi prin organizarea de \u00eent\u00e2lnirinperiodice comune \u2013 o premiera la nivel districtual. De asemenea am ini\u021biat&hellip;<\/p>\n","protected":false},"author":1,"featured_media":0,"parent":1327,"menu_order":0,"comment_status":"closed","ping_status":"closed","template":"","meta":{"footnotes":""},"class_list":["post-2449","page","type-page","status-publish","hentry"],"_links":{"self":[{"href":"https:\/\/www.rotarytm.ro\/index.php?rest_route=\/wp\/v2\/pages\/2449","targetHints":{"allow":["GET"]}}],"collection":[{"href":"https:\/\/www.rotarytm.ro\/index.php?rest_route=\/wp\/v2\/pages"}],"about":[{"href":"https:\/\/www.rotarytm.ro\/index.php?rest_route=\/wp\/v2\/types\/page"}],"author":[{"embeddable":true,"href":"https:\/\/www.rotarytm.ro\/index.php?rest_route=\/wp\/v2\/users\/1"}],"replies":[{"embeddable":true,"href":"https:\/\/www.rotarytm.ro\/index.php?rest_route=%2Fwp%2Fv2%2Fcomments&post=2449"}],"version-history":[{"count":9,"href":"https:\/\/www.rotarytm.ro\/index.php?rest_route=\/wp\/v2\/pages\/2449\/revisions"}],"predecessor-version":[{"id":3175,"href":"https:\/\/www.rotarytm.ro\/index.php?rest_route=\/wp\/v2\/pages\/2449\/revisions\/3175"}],"up":[{"embeddable":true,"href":"https:\/\/www.rotarytm.ro\/index.php?rest_route=\/wp\/v2\/pages\/1327"}],"wp:attachment":[{"href":"https:\/\/www.rotarytm.ro\/index.php?rest_route=%2Fwp%2Fv2%2Fmedia&parent=2449"}],"curies":[{"name":"wp","href":"https:\/\/api.w.org\/{rel}","templated":true}]}}