{"id":2395,"date":"2019-12-13T22:33:50","date_gmt":"2019-12-13T22:33:50","guid":{"rendered":"http:\/\/www.rotarytm.ro\/?page_id=2395"},"modified":"2020-01-17T10:28:13","modified_gmt":"2020-01-17T10:28:13","slug":"2013-2014","status":"publish","type":"page","link":"https:\/\/www.rotarytm.ro\/?page_id=2395","title":{"rendered":"2013-2014"},"content":{"rendered":"\t\t<div data-elementor-type=\"wp-page\" data-elementor-id=\"2395\" class=\"elementor elementor-2395\">\n\t\t\t\t\t\t<section class=\"elementor-section elementor-top-section elementor-element elementor-element-672a2ea6 elementor-section-boxed elementor-section-height-default elementor-section-height-default\" data-id=\"672a2ea6\" data-element_type=\"section\" data-e-type=\"section\">\n\t\t\t\t\t\t<div class=\"elementor-container elementor-column-gap-default\">\n\t\t\t\t\t<div class=\"elementor-column elementor-col-100 elementor-top-column elementor-element elementor-element-3d8b68dd\" data-id=\"3d8b68dd\" data-element_type=\"column\" data-e-type=\"column\">\n\t\t\t<div class=\"elementor-widget-wrap elementor-element-populated\">\n\t\t\t\t\t\t<div class=\"elementor-element elementor-element-e33e097 elementor-widget elementor-widget-heading\" data-id=\"e33e097\" data-element_type=\"widget\" data-e-type=\"widget\" data-widget_type=\"heading.default\">\n\t\t\t\t<div class=\"elementor-widget-container\">\n\t\t\t\t\t<h2 class=\"elementor-heading-title elementor-size-default\">Pre\u0219edinte ARON Adrian\u00a0<\/h2>\t\t\t\t<\/div>\n\t\t\t\t<\/div>\n\t\t\t\t<div class=\"elementor-element elementor-element-c03dec3 elementor-widget elementor-widget-text-editor\" data-id=\"c03dec3\" data-element_type=\"widget\" data-e-type=\"widget\" data-widget_type=\"text-editor.default\">\n\t\t\t\t<div class=\"elementor-widget-container\">\n\t\t\t\t\t\t\t\t\t<p>Din primul an 2008, al intr\u0103rii mele ca rotarian am considerat c\u0103 pe l\u00e2ng\u0103 contribu\u021biile generale pot aduce un plus actiunilor rotariene implic\u00e2ndu-m\u0103 \u00een dezvoltarea \u0219i sus\u021binerea artei \u0219i culturii c\u00e2t \u0219i\u00a0 prin organizarea \u0219i sprijinirea licita\u021biilor de caritate .<\/p>\n<p>Av\u00e2nd expertiza \u00een domeniu \u0219i prin dona\u021bia unor obiecte de valoare (bijuterii, art\u0103 \u0219i antichit\u0103\u021bi) ce fac obiectul activit\u0103\u021bii firmei mele am contribuit de-a lungul timpului la ob\u021binerea unor sume importante pentru realizarea proiectelor clubului Rotary Timi\u0219oara.\u00a0 Misiunea mea de rotarian a fost \u0219i s\u0103 participla toate misiunile anuale interna\u021bionale ale clubului nostru Italia, Austria, Mexic, Portugalia,inclusiv la conferin\u021ba na\u021bional\u0103 din Israel \u00een anul c\u00e2nd am fost Pre\u0219edinte 2013-14.<\/p>\n<p>Coeziunea Rotary Club Timi\u0219oara a fost foarte important\u0103 pentru mine precum \u0219i sus\u021binerea proiectelor tradi\u021bionale ale Clubului.<\/p>\n<p>Am g\u0103zduit deseori cu mare drag ac\u021biuni ale Rotary \u0219i Rotaract \u00een Galeria \u0219i casa mea personal\u0103 \u0219i am implicat permanent familia \u00eenac\u021biunile Rotary .<\/p>\n<p>Ac\u021biunea \u201ccea mai de suflet\u201d \u00een anul meu de pre\u0219edin\u021bie consider c\u0103 fost sprijinul acordat de clubul Rotary la organizarea T\u00e2rgului Breslelor \u0219i Me\u0219te\u0219ugarilor din Pia\u021ba Traian cunoscut sub denumirea de Cartierul Fabric, cartierul evreiesc al Timi\u0219oarei de alt\u0103dat\u0103, ca o forma de sprijin la gentrificarea acestei zone s\u0103r\u0103cite dar cu o tradi\u021bie unic\u0103 \u0219i extraordinar\u0103.<\/p>\n<p>\u00a0<\/p>\n\t\t\t\t\t\t\t\t<\/div>\n\t\t\t\t<\/div>\n\t\t\t\t\t<\/div>\n\t\t<\/div>\n\t\t\t\t\t<\/div>\n\t\t<\/section>\n\t\t\t\t<section class=\"elementor-section elementor-top-section elementor-element elementor-element-b4f9b36 elementor-section-boxed elementor-section-height-default elementor-section-height-default\" data-id=\"b4f9b36\" data-element_type=\"section\" data-e-type=\"section\">\n\t\t\t\t\t\t<div class=\"elementor-container elementor-column-gap-default\">\n\t\t\t\t\t<div class=\"elementor-column elementor-col-100 elementor-top-column elementor-element elementor-element-24200a0\" data-id=\"24200a0\" data-element_type=\"column\" data-e-type=\"column\">\n\t\t\t<div class=\"elementor-widget-wrap elementor-element-populated\">\n\t\t\t\t\t\t<div class=\"elementor-element elementor-element-b2df5b2 elementor-widget elementor-widget-image\" data-id=\"b2df5b2\" data-element_type=\"widget\" data-e-type=\"widget\" data-widget_type=\"image.default\">\n\t\t\t\t<div class=\"elementor-widget-container\">\n\t\t\t\t\t\t\t\t\t\t\t\t\t\t\t\t<a href=\"https:\/\/www.rotarytm.ro\/wp-content\/uploads\/2019\/11\/1.png\" data-elementor-open-lightbox=\"yes\" data-elementor-lightbox-title=\"1\" data-e-action-hash=\"#elementor-action%3Aaction%3Dlightbox%26settings%3DeyJpZCI6MjQ0NiwidXJsIjoiaHR0cHM6XC9cL3d3dy5yb3Rhcnl0bS5yb1wvd3AtY29udGVudFwvdXBsb2Fkc1wvMjAxOVwvMTFcLzEucG5nIn0%3D\">\n\t\t\t\t\t\t\t<img fetchpriority=\"high\" decoding=\"async\" width=\"1024\" height=\"430\" src=\"https:\/\/www.rotarytm.ro\/wp-content\/uploads\/2019\/11\/1-1024x430.png\" class=\"attachment-large size-large wp-image-2446\" alt=\"\" srcset=\"https:\/\/www.rotarytm.ro\/wp-content\/uploads\/2019\/11\/1-1024x430.png 1024w, https:\/\/www.rotarytm.ro\/wp-content\/uploads\/2019\/11\/1-600x252.png 600w, https:\/\/www.rotarytm.ro\/wp-content\/uploads\/2019\/11\/1-300x126.png 300w, https:\/\/www.rotarytm.ro\/wp-content\/uploads\/2019\/11\/1-768x323.png 768w, https:\/\/www.rotarytm.ro\/wp-content\/uploads\/2019\/11\/1-720x302.png 720w, https:\/\/www.rotarytm.ro\/wp-content\/uploads\/2019\/11\/1-251x105.png 251w, https:\/\/www.rotarytm.ro\/wp-content\/uploads\/2019\/11\/1-595x250.png 595w, https:\/\/www.rotarytm.ro\/wp-content\/uploads\/2019\/11\/1-952x400.png 952w, https:\/\/www.rotarytm.ro\/wp-content\/uploads\/2019\/11\/1-260x109.png 260w, https:\/\/www.rotarytm.ro\/wp-content\/uploads\/2019\/11\/1-250x105.png 250w, https:\/\/www.rotarytm.ro\/wp-content\/uploads\/2019\/11\/1-400x168.png 400w, https:\/\/www.rotarytm.ro\/wp-content\/uploads\/2019\/11\/1.png 1057w\" sizes=\"(max-width: 1024px) 100vw, 1024px\" \/>\t\t\t\t\t\t\t\t<\/a>\n\t\t\t\t\t\t\t\t\t\t\t\t\t\t\t<\/div>\n\t\t\t\t<\/div>\n\t\t\t\t\t<\/div>\n\t\t<\/div>\n\t\t\t\t\t<\/div>\n\t\t<\/section>\n\t\t\t\t<\/div>\n\t\t","protected":false},"excerpt":{"rendered":"<p>Pre\u0219edinte ARON Adrian\u00a0 Din primul an 2008, al intr\u0103rii mele ca rotarian am considerat c\u0103 pe l\u00e2ng\u0103 contribu\u021biile generale pot aduce un plus actiunilor rotariene implic\u00e2ndu-m\u0103 \u00een dezvoltarea \u0219i sus\u021binerea artei \u0219i culturii c\u00e2t \u0219i\u00a0 prin organizarea \u0219i sprijinirea licita\u021biilor&hellip;<\/p>\n","protected":false},"author":1,"featured_media":0,"parent":1327,"menu_order":0,"comment_status":"closed","ping_status":"closed","template":"","meta":{"footnotes":""},"class_list":["post-2395","page","type-page","status-publish","hentry"],"_links":{"self":[{"href":"https:\/\/www.rotarytm.ro\/index.php?rest_route=\/wp\/v2\/pages\/2395","targetHints":{"allow":["GET"]}}],"collection":[{"href":"https:\/\/www.rotarytm.ro\/index.php?rest_route=\/wp\/v2\/pages"}],"about":[{"href":"https:\/\/www.rotarytm.ro\/index.php?rest_route=\/wp\/v2\/types\/page"}],"author":[{"embeddable":true,"href":"https:\/\/www.rotarytm.ro\/index.php?rest_route=\/wp\/v2\/users\/1"}],"replies":[{"embeddable":true,"href":"https:\/\/www.rotarytm.ro\/index.php?rest_route=%2Fwp%2Fv2%2Fcomments&post=2395"}],"version-history":[{"count":10,"href":"https:\/\/www.rotarytm.ro\/index.php?rest_route=\/wp\/v2\/pages\/2395\/revisions"}],"predecessor-version":[{"id":3173,"href":"https:\/\/www.rotarytm.ro\/index.php?rest_route=\/wp\/v2\/pages\/2395\/revisions\/3173"}],"up":[{"embeddable":true,"href":"https:\/\/www.rotarytm.ro\/index.php?rest_route=\/wp\/v2\/pages\/1327"}],"wp:attachment":[{"href":"https:\/\/www.rotarytm.ro\/index.php?rest_route=%2Fwp%2Fv2%2Fmedia&parent=2395"}],"curies":[{"name":"wp","href":"https:\/\/api.w.org\/{rel}","templated":true}]}}