{"id":1335,"date":"2005-08-16T15:45:51","date_gmt":"2005-08-16T15:45:51","guid":{"rendered":"http:\/\/localhost:8081\/?page_id=1335"},"modified":"2020-01-17T10:07:00","modified_gmt":"2020-01-17T10:07:00","slug":"1999-2000","status":"publish","type":"page","link":"https:\/\/www.rotarytm.ro\/?page_id=1335","title":{"rendered":"1999 &#8211; 2000"},"content":{"rendered":"\t\t<div data-elementor-type=\"wp-page\" data-elementor-id=\"1335\" class=\"elementor elementor-1335\">\n\t\t\t\t\t\t<section class=\"elementor-section elementor-top-section elementor-element elementor-element-12792690 elementor-section-boxed elementor-section-height-default elementor-section-height-default\" data-id=\"12792690\" data-element_type=\"section\" data-e-type=\"section\">\n\t\t\t\t\t\t<div class=\"elementor-container elementor-column-gap-default\">\n\t\t\t\t\t<div class=\"elementor-column elementor-col-100 elementor-top-column elementor-element elementor-element-5b62b438\" data-id=\"5b62b438\" data-element_type=\"column\" data-e-type=\"column\">\n\t\t\t<div class=\"elementor-widget-wrap elementor-element-populated\">\n\t\t\t\t\t\t<div class=\"elementor-element elementor-element-def0191 elementor-widget elementor-widget-heading\" data-id=\"def0191\" data-element_type=\"widget\" data-e-type=\"widget\" data-widget_type=\"heading.default\">\n\t\t\t\t<div class=\"elementor-widget-container\">\n\t\t\t\t\t<h2 class=\"elementor-heading-title elementor-size-default\"><h2 style=\"text-align: center\">Pre\u015fedinte Radu Dimeca<\/h2><\/h2>\t\t\t\t<\/div>\n\t\t\t\t<\/div>\n\t\t\t\t<div class=\"elementor-element elementor-element-72e0f498 elementor-widget elementor-widget-text-editor\" data-id=\"72e0f498\" data-element_type=\"widget\" data-e-type=\"widget\" data-widget_type=\"text-editor.default\">\n\t\t\t\t<div class=\"elementor-widget-container\">\n\t\t\t\t\t\t\t\t\t<ol><li>Organizarea unui transport de carte pentru Republica Moldova.<\/li><li>Semnarea acordului de cooperare regional\u0103 interdistrictual\u0103 (cluburi din Romania, Serbia, Ungaria).<\/li><li>Ac\u0163iunea \u201cAjutor pentru copiii din Yugoslavia\u201d &#8211; furnizarea de medicamente \u015fi materiale sanitare consumabile pentru sec\u0163ia de pediatrie a Spitalului din Pec \u015fi pentru Institutul pentru ajutorarea &#8211; prima ac\u0163iune de ajutorare a celor nevoia\u015fi din alt\u0103 \u0163ar\u0103 efectuat\u0103 de cluburi Rotary din Rom\u00e2nia.<\/li><li>Sprijinirea copiilor revolu\u0163ionarilor din Timi\u015foara.<\/li><li>Finalizarea proiectului Casa cu ferestre deschise &#8211; vitamine, amenajare tab\u0103r\u0103 de var\u0103 \u00een colaborare cu Rotary Club Nieuwkoop \u2013 Olanda.<\/li><li>Participarea la Bucure\u015fti la \u00eenfiin\u0163area Districtului 2241 &#8211; Rom\u00e2nia &#8211; Republica Moldova.<\/li><\/ol>\t\t\t\t\t\t\t\t<\/div>\n\t\t\t\t<\/div>\n\t\t\t\t\t<\/div>\n\t\t<\/div>\n\t\t\t\t\t<\/div>\n\t\t<\/section>\n\t\t\t\t<\/div>\n\t\t","protected":false},"excerpt":{"rendered":"<p>Pre\u015fedinte Radu Dimeca Organizarea unui transport de carte pentru Republica Moldova. Semnarea acordului de cooperare regional\u0103 interdistrictual\u0103 (cluburi din Romania, Serbia, Ungaria). Ac\u0163iunea \u201cAjutor pentru copiii din Yugoslavia\u201d &#8211; furnizarea de medicamente \u015fi materiale sanitare consumabile pentru sec\u0163ia de pediatrie&hellip;<\/p>\n","protected":false},"author":2,"featured_media":0,"parent":1327,"menu_order":0,"comment_status":"open","ping_status":"closed","template":"","meta":{"footnotes":""},"class_list":["post-1335","page","type-page","status-publish","hentry"],"_links":{"self":[{"href":"https:\/\/www.rotarytm.ro\/index.php?rest_route=\/wp\/v2\/pages\/1335","targetHints":{"allow":["GET"]}}],"collection":[{"href":"https:\/\/www.rotarytm.ro\/index.php?rest_route=\/wp\/v2\/pages"}],"about":[{"href":"https:\/\/www.rotarytm.ro\/index.php?rest_route=\/wp\/v2\/types\/page"}],"author":[{"embeddable":true,"href":"https:\/\/www.rotarytm.ro\/index.php?rest_route=\/wp\/v2\/users\/2"}],"replies":[{"embeddable":true,"href":"https:\/\/www.rotarytm.ro\/index.php?rest_route=%2Fwp%2Fv2%2Fcomments&post=1335"}],"version-history":[{"count":2,"href":"https:\/\/www.rotarytm.ro\/index.php?rest_route=\/wp\/v2\/pages\/1335\/revisions"}],"predecessor-version":[{"id":3153,"href":"https:\/\/www.rotarytm.ro\/index.php?rest_route=\/wp\/v2\/pages\/1335\/revisions\/3153"}],"up":[{"embeddable":true,"href":"https:\/\/www.rotarytm.ro\/index.php?rest_route=\/wp\/v2\/pages\/1327"}],"wp:attachment":[{"href":"https:\/\/www.rotarytm.ro\/index.php?rest_route=%2Fwp%2Fv2%2Fmedia&parent=1335"}],"curies":[{"name":"wp","href":"https:\/\/api.w.org\/{rel}","templated":true}]}}