{"id":1334,"date":"2005-08-16T15:43:03","date_gmt":"2005-08-16T15:43:03","guid":{"rendered":"http:\/\/localhost:8081\/?page_id=1334"},"modified":"2020-01-17T10:08:38","modified_gmt":"2020-01-17T10:08:38","slug":"2000-2001","status":"publish","type":"page","link":"https:\/\/www.rotarytm.ro\/?page_id=1334","title":{"rendered":"2000 &#8211; 2001"},"content":{"rendered":"\t\t<div data-elementor-type=\"wp-page\" data-elementor-id=\"1334\" class=\"elementor elementor-1334\">\n\t\t\t\t\t\t<section class=\"elementor-section elementor-top-section elementor-element elementor-element-19755a00 elementor-section-boxed elementor-section-height-default elementor-section-height-default\" data-id=\"19755a00\" data-element_type=\"section\" data-e-type=\"section\">\n\t\t\t\t\t\t<div class=\"elementor-container elementor-column-gap-default\">\n\t\t\t\t\t<div class=\"elementor-column elementor-col-100 elementor-top-column elementor-element elementor-element-7d0b4d71\" data-id=\"7d0b4d71\" data-element_type=\"column\" data-e-type=\"column\">\n\t\t\t<div class=\"elementor-widget-wrap elementor-element-populated\">\n\t\t\t\t\t\t<div class=\"elementor-element elementor-element-ed564ab elementor-widget elementor-widget-heading\" data-id=\"ed564ab\" data-element_type=\"widget\" data-e-type=\"widget\" data-widget_type=\"heading.default\">\n\t\t\t\t<div class=\"elementor-widget-container\">\n\t\t\t\t\t<h2 class=\"elementor-heading-title elementor-size-default\">Pre\u015fedinte - Felician Oan\u0103<\/h2>\t\t\t\t<\/div>\n\t\t\t\t<\/div>\n\t\t\t\t<div class=\"elementor-element elementor-element-2fa7a350 elementor-widget elementor-widget-text-editor\" data-id=\"2fa7a350\" data-element_type=\"widget\" data-e-type=\"widget\" data-widget_type=\"text-editor.default\">\n\t\t\t\t<div class=\"elementor-widget-container\">\n\t\t\t\t\t\t\t\t\t<ol><li>Prima \u00eent\u00e2lnire de colaborare regional\u0103 interdistrictual\u0103. Participarea la Conferin\u0163a Interdistrictual\u0103 de la Subotica, Szeged \u015fi Arad a cluburilor din Ungaria, Serbia \u015fi Romania.<\/li><li>\u00cenfr\u0103\u0163irea cu clubul Rotary Belgrad.<\/li><li>Participarea la derularea \u015fi finan\u0163area proiectelor \u201cO mas\u0103 cald\u0103 pe zi pentru copii s\u0103raci din Subotica\u201d- Serbia, Tab\u0103r\u0103 de Var\u0103 pentru copiii din Ungaria, Serbia \u015fi Romania organizat\u0103 la Hodmedzovasarhely.<\/li><li>\u00cenfiin\u0163area cluburilor Rotary din Deva \u015fi Lugoj.<\/li><li>Participarea la organizarea \u015fi sponsorizarea concursului na\u0163ional de creativitate software \u201cNoi Info\u201d. <a href=\"http:\/\/www.bighost.ro\/rotary\/noi_web\/noi.html\" target=\"_blank\" rel=\"noopener noreferrer\">Prezentare<\/a><\/li><li>Distribuirea unui transport de c\u0103r\u0163i \u015fi reviste franceze pentru liceul Jean Louis Calderon \u00een colaborare cu clubul din Belley &#8211; Fran\u0163a.<\/li><li>Participarea la Forumul Oamenilor de Afaceri Rotarieni &#8211; Poiana Bra\u015fov \u015fi la Conferin\u0163a Medicilor Rotarieni &#8211; Bucure\u015fti.<\/li><\/ol>\t\t\t\t\t\t\t\t<\/div>\n\t\t\t\t<\/div>\n\t\t\t\t\t<\/div>\n\t\t<\/div>\n\t\t\t\t\t<\/div>\n\t\t<\/section>\n\t\t\t\t<\/div>\n\t\t","protected":false},"excerpt":{"rendered":"<p>Pre\u015fedinte &#8211; Felician Oan\u0103 Prima \u00eent\u00e2lnire de colaborare regional\u0103 interdistrictual\u0103. Participarea la Conferin\u0163a Interdistrictual\u0103 de la Subotica, Szeged \u015fi Arad a cluburilor din Ungaria, Serbia \u015fi Romania. \u00cenfr\u0103\u0163irea cu clubul Rotary Belgrad. Participarea la derularea \u015fi finan\u0163area proiectelor \u201cO mas\u0103&hellip;<\/p>\n","protected":false},"author":2,"featured_media":0,"parent":1327,"menu_order":0,"comment_status":"open","ping_status":"closed","template":"","meta":{"footnotes":""},"class_list":["post-1334","page","type-page","status-publish","hentry"],"_links":{"self":[{"href":"https:\/\/www.rotarytm.ro\/index.php?rest_route=\/wp\/v2\/pages\/1334","targetHints":{"allow":["GET"]}}],"collection":[{"href":"https:\/\/www.rotarytm.ro\/index.php?rest_route=\/wp\/v2\/pages"}],"about":[{"href":"https:\/\/www.rotarytm.ro\/index.php?rest_route=\/wp\/v2\/types\/page"}],"author":[{"embeddable":true,"href":"https:\/\/www.rotarytm.ro\/index.php?rest_route=\/wp\/v2\/users\/2"}],"replies":[{"embeddable":true,"href":"https:\/\/www.rotarytm.ro\/index.php?rest_route=%2Fwp%2Fv2%2Fcomments&post=1334"}],"version-history":[{"count":4,"href":"https:\/\/www.rotarytm.ro\/index.php?rest_route=\/wp\/v2\/pages\/1334\/revisions"}],"predecessor-version":[{"id":3154,"href":"https:\/\/www.rotarytm.ro\/index.php?rest_route=\/wp\/v2\/pages\/1334\/revisions\/3154"}],"up":[{"embeddable":true,"href":"https:\/\/www.rotarytm.ro\/index.php?rest_route=\/wp\/v2\/pages\/1327"}],"wp:attachment":[{"href":"https:\/\/www.rotarytm.ro\/index.php?rest_route=%2Fwp%2Fv2%2Fmedia&parent=1334"}],"curies":[{"name":"wp","href":"https:\/\/api.w.org\/{rel}","templated":true}]}}