{"id":1326,"date":"2005-03-21T06:17:45","date_gmt":"2005-03-21T06:17:45","guid":{"rendered":"http:\/\/localhost:8081\/?page_id=1326"},"modified":"2020-01-17T10:12:09","modified_gmt":"2020-01-17T10:12:09","slug":"2003-2004","status":"publish","type":"page","link":"https:\/\/www.rotarytm.ro\/?page_id=1326","title":{"rendered":"2003 &#8211; 2004"},"content":{"rendered":"\t\t<div data-elementor-type=\"wp-page\" data-elementor-id=\"1326\" class=\"elementor elementor-1326\">\n\t\t\t\t\t\t<section class=\"elementor-section elementor-top-section elementor-element elementor-element-57dc43af elementor-section-boxed elementor-section-height-default elementor-section-height-default\" data-id=\"57dc43af\" data-element_type=\"section\" data-e-type=\"section\">\n\t\t\t\t\t\t<div class=\"elementor-container elementor-column-gap-default\">\n\t\t\t\t\t<div class=\"elementor-column elementor-col-100 elementor-top-column elementor-element elementor-element-589f6c34\" data-id=\"589f6c34\" data-element_type=\"column\" data-e-type=\"column\">\n\t\t\t<div class=\"elementor-widget-wrap elementor-element-populated\">\n\t\t\t\t\t\t<div class=\"elementor-element elementor-element-87b9ce2 elementor-widget elementor-widget-heading\" data-id=\"87b9ce2\" data-element_type=\"widget\" data-e-type=\"widget\" data-widget_type=\"heading.default\">\n\t\t\t\t<div class=\"elementor-widget-container\">\n\t\t\t\t\t<h2 class=\"elementor-heading-title elementor-size-default\">Pre\u015fedinte - Marian Mocan<\/h2>\t\t\t\t<\/div>\n\t\t\t\t<\/div>\n\t\t\t\t<div class=\"elementor-element elementor-element-14229ab0 elementor-widget elementor-widget-text-editor\" data-id=\"14229ab0\" data-element_type=\"widget\" data-e-type=\"widget\" data-widget_type=\"text-editor.default\">\n\t\t\t\t<div class=\"elementor-widget-container\">\n\t\t\t\t\t\t\t\t\t<ol><li>Participarea la Conferin\u0163a Interdistrictual\u0103 de la Kikinda \u015fi Arad a cluburilor din Ungaria, Serbia \u015fi Romania.<\/li><li>Prima ac\u0163iune comun\u0103 a celor 2 cluburi din Timi\u015foara &#8211; balul Rotary organizat pentru str\u00e2ngere de fonduri.<\/li><li>Finalizarea Matching Grant-ului cod nr. 21685. Prezentul proiect \u00een valoare de 20.300 USD a constat \u00een cump\u0103rarea unor laptop-uri \u015fi videoproiectoare pentru Centrul Na\u0163ional de Studii pentru Medicina\u00a0 Familiei din Rom\u00e2nia. Proiectul a fost promovat \u015fi sus\u0163inut de Clubul Rotary Heerlen din Olanda, Clubul Rotary Timi\u015foara \u00eempreuna cu \u201cFunda\u0163ia Olandez\u0103 pentru \u00eembunat\u0103\u0163irea asisten\u0163ei Medicale din Romania\u201d.<\/li><li>Demararea proiectului de formare profesional\u0103 a unor tineri rom\u00e2ni \u00een Olanda.<\/li><li>Demararea proiectului \u201cEcologizarea V\u0103ii Mure\u015fului\u201d \u00een colaborare cu cluburile din Arad \u015fi Milano.<\/li><li>Definitivarea ac\u0163iunilor de semnare a actului de \u00eenfr\u0103\u0163ire cu Rotary Club Opitergino Mottense \u2013 Italia.<\/li><li>Organizarea ac\u0163iunii \u201cBunicii f\u0103r\u0103 nepo\u0163i\u201d &#8211; pachete pentru Casa de B\u0103tr\u00e2ni din Timi\u015foara.<\/li><\/ol>\t\t\t\t\t\t\t\t<\/div>\n\t\t\t\t<\/div>\n\t\t\t\t\t<\/div>\n\t\t<\/div>\n\t\t\t\t\t<\/div>\n\t\t<\/section>\n\t\t\t\t<\/div>\n\t\t","protected":false},"excerpt":{"rendered":"<p>Pre\u015fedinte &#8211; Marian Mocan Participarea la Conferin\u0163a Interdistrictual\u0103 de la Kikinda \u015fi Arad a cluburilor din Ungaria, Serbia \u015fi Romania. Prima ac\u0163iune comun\u0103 a celor 2 cluburi din Timi\u015foara &#8211; balul Rotary organizat pentru str\u00e2ngere de fonduri. Finalizarea Matching Grant-ului&hellip;<\/p>\n","protected":false},"author":1,"featured_media":0,"parent":1327,"menu_order":0,"comment_status":"open","ping_status":"closed","template":"","meta":{"footnotes":""},"class_list":["post-1326","page","type-page","status-publish","hentry"],"_links":{"self":[{"href":"https:\/\/www.rotarytm.ro\/index.php?rest_route=\/wp\/v2\/pages\/1326","targetHints":{"allow":["GET"]}}],"collection":[{"href":"https:\/\/www.rotarytm.ro\/index.php?rest_route=\/wp\/v2\/pages"}],"about":[{"href":"https:\/\/www.rotarytm.ro\/index.php?rest_route=\/wp\/v2\/types\/page"}],"author":[{"embeddable":true,"href":"https:\/\/www.rotarytm.ro\/index.php?rest_route=\/wp\/v2\/users\/1"}],"replies":[{"embeddable":true,"href":"https:\/\/www.rotarytm.ro\/index.php?rest_route=%2Fwp%2Fv2%2Fcomments&post=1326"}],"version-history":[{"count":3,"href":"https:\/\/www.rotarytm.ro\/index.php?rest_route=\/wp\/v2\/pages\/1326\/revisions"}],"predecessor-version":[{"id":3159,"href":"https:\/\/www.rotarytm.ro\/index.php?rest_route=\/wp\/v2\/pages\/1326\/revisions\/3159"}],"up":[{"embeddable":true,"href":"https:\/\/www.rotarytm.ro\/index.php?rest_route=\/wp\/v2\/pages\/1327"}],"wp:attachment":[{"href":"https:\/\/www.rotarytm.ro\/index.php?rest_route=%2Fwp%2Fv2%2Fmedia&parent=1326"}],"curies":[{"name":"wp","href":"https:\/\/api.w.org\/{rel}","templated":true}]}}